{"id":2189,"date":"2019-07-15T19:37:20","date_gmt":"2019-07-15T17:37:20","guid":{"rendered":"http:\/\/www.messdiener-laggenbeck.de\/?page_id=2189"},"modified":"2025-10-06T16:06:55","modified_gmt":"2025-10-06T14:06:55","slug":"packliste","status":"publish","type":"page","link":"https:\/\/www.messdiener-laggenbeck.de\/?page_id=2189","title":{"rendered":"Gep\u00e4ckliste"},"content":{"rendered":"<p>Damit auch kein Kind etwas wichtiges vergisst haben wir hier eine altbew\u00e4hrte Gep\u00e4ckliste erstellt.<\/p>\n\n\n<div data-wp-interactive=\"core\/file\" class=\"wp-block-file aligncenter\"><object data-wp-bind--hidden=\"!state.hasPdfPreview\" hidden class=\"wp-block-file__embed\" data=\"https:\/\/www.messdiener-laggenbeck.de\/wp-content\/uploads\/2025\/10\/Gepaeckliste-fuer-Kinder-1.pdf\" type=\"application\/pdf\" style=\"width:100%;height:600px\" aria-label=\"Einbettung von Gep\u00e4ckliste f\u00fcr Kinder.\"><\/object><a id=\"wp-block-file--media-a995012e-c8a1-4d97-98b6-41a955d9861a\" href=\"https:\/\/www.messdiener-laggenbeck.de\/wp-content\/uploads\/2025\/10\/Gepaeckliste-fuer-Kinder-1.pdf\">Gep\u00e4ckliste f\u00fcr Kinder<\/a><a href=\"https:\/\/www.messdiener-laggenbeck.de\/wp-content\/uploads\/2025\/10\/Gepaeckliste-fuer-Kinder-1.pdf\" class=\"wp-block-file__button wp-element-button\" download aria-describedby=\"wp-block-file--media-a995012e-c8a1-4d97-98b6-41a955d9861a\">Herunterladen<\/a><\/div>\n\n\n<p style=\"text-align: center;\"><em>Stand Oktober 2025<\/em><\/p>\n\n\n<h5 class=\"wp-block-heading\">verbotene Dinge<\/h5>\n\n\n\n<ul class=\"wp-block-list\">\n<li>Taschenmesser, Feuerzeug<\/li>\n\n\n\n<li>Kamera (es werden gen\u00fcgend Fotos gemacht, die die Kinder beim Nachtreffen bekommen)<\/li>\n\n\n\n<li><strong>Handy<\/strong>, Smartwatches, Tablet, Spielekonsole, portable Computerspiele, &#8230;<\/li>\n\n\n\n<li>alkoholhaltige Getr\u00e4nke oder Lebensmittel und Tabakwaren wie (elektronische) Zigaretten \/ Shishas, Zigarren oder Tabak, welche unter das Jugendschutzgesetz fallen<\/li>\n<\/ul>\n\n\n\n<p><\/p>\n\n\n\n<p><em>Wir w\u00fcnschen viel Spa\u00df beim Packen! <\/em><\/p>\n","protected":false},"excerpt":{"rendered":"<p>Damit auch kein Kind etwas wichtiges vergisst haben wir hier eine altbew\u00e4hrte Gep\u00e4ckliste erstellt. Stand Oktober 2025 verbotene Dinge Wir w\u00fcnschen viel Spa\u00df beim Packen!<\/p>\n","protected":false},"author":2,"featured_media":0,"parent":6411,"menu_order":0,"comment_status":"closed","ping_status":"closed","template":"","meta":{"ngg_post_thumbnail":0,"footnotes":""},"class_list":["post-2189","page","type-page","status-publish","hentry"],"_links":{"self":[{"href":"https:\/\/www.messdiener-laggenbeck.de\/index.php?rest_route=\/wp\/v2\/pages\/2189","targetHints":{"allow":["GET"]}}],"collection":[{"href":"https:\/\/www.messdiener-laggenbeck.de\/index.php?rest_route=\/wp\/v2\/pages"}],"about":[{"href":"https:\/\/www.messdiener-laggenbeck.de\/index.php?rest_route=\/wp\/v2\/types\/page"}],"author":[{"embeddable":true,"href":"https:\/\/www.messdiener-laggenbeck.de\/index.php?rest_route=\/wp\/v2\/users\/2"}],"replies":[{"embeddable":true,"href":"https:\/\/www.messdiener-laggenbeck.de\/index.php?rest_route=%2Fwp%2Fv2%2Fcomments&post=2189"}],"version-history":[{"count":21,"href":"https:\/\/www.messdiener-laggenbeck.de\/index.php?rest_route=\/wp\/v2\/pages\/2189\/revisions"}],"predecessor-version":[{"id":6461,"href":"https:\/\/www.messdiener-laggenbeck.de\/index.php?rest_route=\/wp\/v2\/pages\/2189\/revisions\/6461"}],"up":[{"embeddable":true,"href":"https:\/\/www.messdiener-laggenbeck.de\/index.php?rest_route=\/wp\/v2\/pages\/6411"}],"wp:attachment":[{"href":"https:\/\/www.messdiener-laggenbeck.de\/index.php?rest_route=%2Fwp%2Fv2%2Fmedia&parent=2189"}],"curies":[{"name":"wp","href":"https:\/\/api.w.org\/{rel}","templated":true}]}}