{"id":2530,"date":"2019-11-10T21:47:29","date_gmt":"2019-11-10T19:47:29","guid":{"rendered":"http:\/\/www.messdiener-laggenbeck.de\/?page_id=2530"},"modified":"2025-10-03T12:39:10","modified_gmt":"2025-10-03T10:39:10","slug":"zeltplatz-2","status":"publish","type":"page","link":"https:\/\/www.messdiener-laggenbeck.de\/?page_id=2530","title":{"rendered":"Zeltplatz"},"content":{"rendered":"<p style=\"padding-left: 40px;\">2026 fahren wir wieder auf einen f\u00fcr uns bekannten Zeltplatz in L\u00fcnne. <a href=\"https:\/\/www.gruppenhaus.de\/jugendzeltplatz-sanddeele-luenne-hs8171.html\">Hier<\/a> gelangt ihr zu einer Internetseite, auf welcher ihr weitere Informationen entnehmen k\u00f6nnt.<\/p>\n<hr>\n<p>Adresse:<\/p>\n<p><span class=\"LrzXr\">Jugendzeltplatz Sanddeele<\/span><\/p>\n<p>Sanddeele 1<\/p>\n<p><span class=\"LrzXr\">48480 L\u00fcnne<\/span><\/p>\n<p>&nbsp;<\/p>\n<p>&nbsp;<\/p>\n","protected":false},"excerpt":{"rendered":"<p>2026 fahren wir wieder auf einen f\u00fcr uns bekannten Zeltplatz in L\u00fcnne. Hier gelangt ihr zu einer Internetseite, auf welcher ihr weitere Informationen entnehmen k\u00f6nnt. Adresse: Jugendzeltplatz Sanddeele Sanddeele 1 48480 L\u00fcnne &nbsp; &nbsp;<\/p>\n","protected":false},"author":2,"featured_media":0,"parent":6411,"menu_order":0,"comment_status":"closed","ping_status":"closed","template":"","meta":{"ngg_post_thumbnail":0,"footnotes":""},"class_list":["post-2530","page","type-page","status-publish","hentry"],"_links":{"self":[{"href":"https:\/\/www.messdiener-laggenbeck.de\/index.php?rest_route=\/wp\/v2\/pages\/2530","targetHints":{"allow":["GET"]}}],"collection":[{"href":"https:\/\/www.messdiener-laggenbeck.de\/index.php?rest_route=\/wp\/v2\/pages"}],"about":[{"href":"https:\/\/www.messdiener-laggenbeck.de\/index.php?rest_route=\/wp\/v2\/types\/page"}],"author":[{"embeddable":true,"href":"https:\/\/www.messdiener-laggenbeck.de\/index.php?rest_route=\/wp\/v2\/users\/2"}],"replies":[{"embeddable":true,"href":"https:\/\/www.messdiener-laggenbeck.de\/index.php?rest_route=%2Fwp%2Fv2%2Fcomments&post=2530"}],"version-history":[{"count":15,"href":"https:\/\/www.messdiener-laggenbeck.de\/index.php?rest_route=\/wp\/v2\/pages\/2530\/revisions"}],"predecessor-version":[{"id":6419,"href":"https:\/\/www.messdiener-laggenbeck.de\/index.php?rest_route=\/wp\/v2\/pages\/2530\/revisions\/6419"}],"up":[{"embeddable":true,"href":"https:\/\/www.messdiener-laggenbeck.de\/index.php?rest_route=\/wp\/v2\/pages\/6411"}],"wp:attachment":[{"href":"https:\/\/www.messdiener-laggenbeck.de\/index.php?rest_route=%2Fwp%2Fv2%2Fmedia&parent=2530"}],"curies":[{"name":"wp","href":"https:\/\/api.w.org\/{rel}","templated":true}]}}