{"id":3655,"date":"2022-07-06T14:07:15","date_gmt":"2022-07-06T12:07:15","guid":{"rendered":"http:\/\/www.messdiener-laggenbeck.de\/?page_id=3655"},"modified":"2024-11-05T11:43:13","modified_gmt":"2024-11-05T09:43:13","slug":"das-problem-dienen","status":"publish","type":"page","link":"https:\/\/www.messdiener-laggenbeck.de\/?page_id=3655","title":{"rendered":"Das  &#8222;Problem&#8220; Dienen"},"content":{"rendered":"\n<p>Uns erscheint es (mal wieder) wichtig etwas zum Thema Dienen zu sagen. Deshalb folgt dieser Artikel.&nbsp;<\/p>\n\n\n\n<p>Das  \u201eProblem\u201c mit dem Dienen ist uns Leiter*innen nicht neu. Auch wir Leiter*innen (als wir noch zu den Kindern bei den Messdiener*innen z\u00e4hlten) bzw. unsere Eltern haben damals \u00e4hnliches erlebt. Aber gerade seitdem  Corona unseren Alltag ver\u00e4ndert hat, hat sich die Situation noch einmal  massiv ver\u00e4ndert.&nbsp;<\/p>\n\n\n\n<p>Wir,\n die Messdiener*innen aus Laggenbeck, z\u00e4hlen zu den gr\u00f6\u00dften \nMessdiergemeinschaften unserer Gemeinde. Darauf sind wir Leiter*innen \nnat\u00fcrlich m\u00e4chtig stolz und bem\u00fchen uns, dass die Zahl m\u00f6glichst so \nbleibt. Wir organisieren j\u00e4hrlich ein Ferienlager, w\u00f6chentliche \nGruppenstunden, Aktionen uvm.. Messdiener*in zu sein bedeutet aber eben \nnicht \u201enur\u201c an den Angeboten teilzunehmen, sondern eben auch dienen zu \ngehen.<\/p>\n\n\n\n<p>Die\n gesamte Messdienerarbeit von uns Leiter*innen basiert auf dem Ehrenamt.\n Im Gegenzug daf\u00fcr, dass wir in der Kirche dienen gehen &#8211; bekommen wir \ndie R\u00e4umlichkeiten f\u00fcr unser Ehrenamt gestellt. Ohne diese \nR\u00e4umlichkeiten w\u00fcrde es die Messdiener*innen in dieser Form nicht geben \nund damit auch keine coolen Aktionen.&nbsp;<\/p>\n\n\n\n<p>Vorab\n m\u00f6chten wir erw\u00e4hnen, dass das Dienen auf Freiwilligkeit basiert. \nNiemand ist also gezwungen dazu in die Messe zu gehen und wir k\u00f6nnen \ndies auch von niemandem verlangen!&nbsp;<\/p>\n\n\n\n<p>Die\n Schwierigkeit mit dem Dienen besteht aber auch nicht erst seit gestern.\n Das Dienen war bereits bei diversen Leiterwochenenden und ist auch \nmonatlich bei den Leiterrunden ein Thema. Wir alle bem\u00fchen uns eine \n\u201eL\u00f6sung\u201c daf\u00fcr zu finden. Wir haben bereits einige Eltern und auch \nKinder in die \u201eProbleml\u00f6sung\u201c involviert, aber die eine \u201eL\u00f6sung\u201c daf\u00fcr \ngibt es eben auch nicht.<\/p>\n\n\n\n<p><em>Was sich in der Vergangenheit bereits ge\u00e4ndert hat<\/em><\/p>\n\n\n\n<p>Das  Dienen wurde zusammen mit Sebastian Frye f\u00fcr alle Messdiener*innen  vereinfacht, die Kerzentr\u00e4ger*innen wurden gr\u00f6\u00dftenteils abgeschafft, es  gab eine w\u00f6chentliche Dienerinnerung und auch die Anzahl der  Messdiener*innen pro Messe wurde reduziert. Wir haben \u00e4ltere  Messdiener*innen wieder motiviert dienen zu gehen, um noch mehr  Messdiener*innen zu sein. Dadurch muss man nun seltener dienen und wir  dachten, dass das \u201eProblem\u201c Dienen damit gel\u00f6st sei, da jeder seinen  Termin verl\u00e4sslich wahrnehmen wird. Wie sich aber zeigt, haben all die  Bem\u00fchungen nicht geholfen.&nbsp;<\/p>\n\n\n\n<p><em>Jetzt: in der Gegenwart<\/em><\/p>\n\n\n\n<p>Wir\n bekamen und bekommen weiterhin viele Nachrichten von Eltern und auch \nKindern, dass sie sehr unzufrieden mit der aktuellen Situation sind. &#8211; \nWas nat\u00fcrlich nachvollziehbar ist! Gerade f\u00fcr die neuen Messdiener*innen\n unter uns ist das Dienen in der Messe sehr aufregend und wenn man dann \nauch noch alleine da steht, ohne jemanden Erfahrenes an seiner Seite zu \nhaben, geht man mit einem schlechten Bauchgef\u00fchl in die Messe. Und \nm\u00f6chte beim n\u00e4chsten Mal vielleicht gar nicht mehr kommen.&nbsp;<\/p>\n\n\n\n<p>Beim  letzten Leiterwochenende im April war das Thema Dienen erneut auf der  Liste. Wir wollten das \u201eProblem\u201c in Angriff nehmen und zusammen mit  jemand Au\u00dfenstehenden (in unserem Fall war es Lukas Hermes) diskutieren  und schauen, ob wir Verbesserungsm\u00f6glichkeiten finden.&nbsp;<\/p>\n\n\n\n<p>Zu\n Beginn hat Lukas Hermes uns berichtet, dass er unseren Dienplan mit den\n Dienpl\u00e4nen der anderen Messdiener*innen vergleichen hat. Dabei hat er \ngeschaut wie h\u00e4ufig man im Monat dienen muss. Das Ergebnis: \nMessdiener*innen in anderen Gemeinden stehen teilweise bis zu drei mal \nim Monat auf dem Dienplan. Bei uns ist es idR. anders: im Schnitt steht \nman einmal im Monat auf dem Dienplan.&nbsp;<\/p>\n\n\n\n<p>Nach\n langen Diskussionen, vielem hin und her sind wir zu dem Entschluss \ngekommen, dass wir in Zukunft eine Belohnung f\u00fcr die Kinder, die zum \nDienen kommen oder besonders h\u00e4ufig dienen, einf\u00fchren. (Genauere \nInformationen dazu werden noch folgen.) Lukas hat uns n\u00e4mlich aus \nmehreren anderen Messdienergemeinschaften berichtet, dass dies dort sehr\n gut angenommen wird. Also ein Versuch ist es wert!&nbsp;<\/p>\n\n\n\n<p><em>Wir halten euch weiterhin auf dem Laufenden!&nbsp;<\/em><\/p>\n\n\n\n<p>Wir\n erhoffen uns aber auch, dass wir durch diesen Artikel nochmal alle \ndarauf aufmerksam machen konnten sich zu bem\u00fchen zum Dienen zu kommen!&nbsp;<\/p>\n\n\n\n<p>Au\u00dferdem  m\u00f6chten wir uns bei allen Messdiener*innen bedanken, die ihren Dienst  in den Messen sehr ernst nehmen und verl\u00e4sslich kommen. Nat\u00fcrlich gilt  dies auch f\u00fcr Kinder, die f\u00fcr andere das ein oder andere Mal  einspringen. <strong>Herzliches Dankesch\u00f6n!&nbsp;<\/strong><\/p>\n","protected":false},"excerpt":{"rendered":"<p>Uns erscheint es (mal wieder) wichtig etwas zum Thema Dienen zu sagen. Deshalb folgt dieser Artikel.&nbsp; Das \u201eProblem\u201c mit dem Dienen ist uns Leiter*innen nicht neu. Auch wir Leiter*innen (als wir noch zu den Kindern bei den Messdiener*innen z\u00e4hlten) bzw. unsere Eltern haben damals \u00e4hnliches erlebt. Aber gerade seitdem Corona unseren Alltag ver\u00e4ndert hat, hat &hellip; <\/p>\n<p class=\"link-more\"><a href=\"https:\/\/www.messdiener-laggenbeck.de\/?page_id=3655\" class=\"more-link\"><span class=\"screen-reader-text\">\u201eDas  &#8222;Problem&#8220; Dienen\u201c<\/span> weiterlesen<\/a><\/p>\n","protected":false},"author":2,"featured_media":0,"parent":0,"menu_order":0,"comment_status":"closed","ping_status":"closed","template":"","meta":{"ngg_post_thumbnail":0,"footnotes":""},"class_list":["post-3655","page","type-page","status-publish","hentry"],"_links":{"self":[{"href":"https:\/\/www.messdiener-laggenbeck.de\/index.php?rest_route=\/wp\/v2\/pages\/3655","targetHints":{"allow":["GET"]}}],"collection":[{"href":"https:\/\/www.messdiener-laggenbeck.de\/index.php?rest_route=\/wp\/v2\/pages"}],"about":[{"href":"https:\/\/www.messdiener-laggenbeck.de\/index.php?rest_route=\/wp\/v2\/types\/page"}],"author":[{"embeddable":true,"href":"https:\/\/www.messdiener-laggenbeck.de\/index.php?rest_route=\/wp\/v2\/users\/2"}],"replies":[{"embeddable":true,"href":"https:\/\/www.messdiener-laggenbeck.de\/index.php?rest_route=%2Fwp%2Fv2%2Fcomments&post=3655"}],"version-history":[{"count":5,"href":"https:\/\/www.messdiener-laggenbeck.de\/index.php?rest_route=\/wp\/v2\/pages\/3655\/revisions"}],"predecessor-version":[{"id":6211,"href":"https:\/\/www.messdiener-laggenbeck.de\/index.php?rest_route=\/wp\/v2\/pages\/3655\/revisions\/6211"}],"wp:attachment":[{"href":"https:\/\/www.messdiener-laggenbeck.de\/index.php?rest_route=%2Fwp%2Fv2%2Fmedia&parent=3655"}],"curies":[{"name":"wp","href":"https:\/\/api.w.org\/{rel}","templated":true}]}}