{"id":3947,"date":"2023-06-27T15:48:54","date_gmt":"2023-06-27T13:48:54","guid":{"rendered":"http:\/\/www.messdiener-laggenbeck.de\/?page_id=3947"},"modified":"2025-10-03T12:40:55","modified_gmt":"2025-10-03T10:40:55","slug":"wunschzettel","status":"publish","type":"page","link":"https:\/\/www.messdiener-laggenbeck.de\/?page_id=3947","title":{"rendered":"Wunschzettel"},"content":{"rendered":"\n<p>Hier finden Sie einen kleinen Wunschzettel der Kinder und Leiter*innen f\u00fcr unser MeSoLa. <br>Hiermit sollen Sie sich ausdr\u00fccklich <strong>nicht zum Kauf verpflichtet f\u00fchlen.<\/strong> Da neben den Wimpeldieben auch Eltern immer wieder auf uns zu gekommen sind und gefragt haben wie sie unser MeSoLa unterst\u00fctzten k\u00f6nnen entstand die Idee dieser Liste. Diese soll lediglich als <strong>Ideenquelle<\/strong> f\u00fcr m\u00f6gliche Spenden z.B. bei einem erfolglosen Wimpelklau dienen. Damit es m\u00f6glichst einfach ist und alle Wissen wovon gesprochen wird, haben wir immer einen entsprechenden Amazon Link beigef\u00fcgt. Selbstverst\u00e4ndlich k\u00f6nnen die Dinge auch davon abweichen und woanders gekauft werden. Au\u00dferdem haben wir uns bei der Auswahl der W\u00fcnsche bem\u00fcht von jeder Preiskategorie etwas dabei zu haben. Selbstverst\u00e4ndlich k\u00f6nnen sich auch mehrere Personen f\u00fcr eine Sache zusammen schlie\u00dfen. <em>Viel Spa\u00df beim Durchst\u00f6bern!<\/em><\/p>\n\n\n\n<hr class=\"wp-block-separator has-css-opacity\"\/>\n\n\n\n<h3 class=\"wp-block-heading has-text-align-center\">Wunschzettel <\/h3>\n\n\n\n<p class=\"has-text-align-center\"><a href=\"https:\/\/www.amazon.de\/Sport-Trikot-Leibchen-12er-Trainingsleibchen\/dp\/B071NJW4T9\/ref=sr_1_21_sspa?crid=2HC3AJZOX1A64&amp;keywords=sport+leibchen&amp;qid=1687877050&amp;sprefix=Sport+lei%2Caps%2C97&amp;sr=8-21-spons&amp;sp_csd=d2lkZ2V0TmFtZT1zcF9tdGY&amp;psc=1\">Sport\/ Trainingsleibchen<\/a><\/p>\n\n\n\n<p class=\"has-text-align-center\"><a href=\"https:\/\/www.amazon.de\/gipfelsport-Fussball-H\u00fctchen-Markierungsh\u00fctchen-Tragegurt\/dp\/B078W6PCXN\/ref=sr_1_5?__mk_de_DE=\u00c5M\u00c5\u017d\u00d5\u00d1&amp;crid=MOQHEVW0UY2G&amp;keywords=markierungsh\u00fctchen&amp;qid=1687877237&amp;sprefix=smarkierungsh\u00fctchen%2Caps%2C90&amp;sr=8-5&amp;th=1\">Markierungsh\u00fctchen<\/a><\/p>\n\n\n\n<p class=\"has-text-align-center\">Verkleidungen<\/p>\n\n\n\n<p class=\"has-text-align-center\">Cornflakes mit Milch (Favorit: SchokoChips\/ HoneyBalls)<\/p>\n\n\n\n<p class=\"has-text-align-center\">Chips\/ Flips\/ Pomb\u00e4ren\/ Salzstangen<\/p>\n\n\n\n<p class=\"has-text-align-center\">Softgetr\u00e4nke (Cola, Fanta, Sprite)<\/p>\n\n\n\n<p class=\"has-text-align-center\"><a href=\"https:\/\/www.amazon.de\/Bussy-Mix-Schleck-Drinks-200er\/dp\/B0066HHJVE\/ref=sr_1_5?keywords=Wassereis&amp;qid=1687875228&amp;sr=8-5\"><span style=\"text-decoration: underline;\">Wasser<\/span>eis<\/a><\/p>\n\n\n\n<p class=\"has-text-align-center\">Geld (z.B. f\u00fcr Donuts)<\/p>\n\n\n\n<hr class=\"wp-block-separator has-css-opacity\"\/>\n\n\n\n<p>Falls sie  bereits einen der W\u00fcnsche gekauft haben, w\u00fcrden wir uns sehr \u00fcber eine kurze Mail (lager.messdiener-laggenbeck@gmx.de) freuen, um die Liste entsprechend zu aktualisieren. Auch w\u00e4hrend des MeSoLas versuchen wir diese immer auf dem aktuellsten Stand zu halten, damit es nicht zu mehrfachen K\u00e4ufen kommt. <\/p>\n\n\n\n<p class=\"has-text-align-center\">\u2728 <em>Wir freuen uns \u00fcber jeden Wunsch, der in Erf\u00fcllung geht!<\/em> \u2728<br>DANKESCH\u00d6N<\/p>\n","protected":false},"excerpt":{"rendered":"<p>Hier finden Sie einen kleinen Wunschzettel der Kinder und Leiter*innen f\u00fcr unser MeSoLa. Hiermit sollen Sie sich ausdr\u00fccklich nicht zum Kauf verpflichtet f\u00fchlen. Da neben den Wimpeldieben auch Eltern immer wieder auf uns zu gekommen sind und gefragt haben wie sie unser MeSoLa unterst\u00fctzten k\u00f6nnen entstand die Idee dieser Liste. Diese soll lediglich als Ideenquelle &hellip; <\/p>\n<p class=\"link-more\"><a href=\"https:\/\/www.messdiener-laggenbeck.de\/?page_id=3947\" class=\"more-link\"><span class=\"screen-reader-text\">\u201eWunschzettel\u201c<\/span> weiterlesen<\/a><\/p>\n","protected":false},"author":2,"featured_media":0,"parent":6411,"menu_order":0,"comment_status":"closed","ping_status":"closed","template":"","meta":{"ngg_post_thumbnail":0,"footnotes":""},"class_list":["post-3947","page","type-page","status-publish","hentry"],"_links":{"self":[{"href":"https:\/\/www.messdiener-laggenbeck.de\/index.php?rest_route=\/wp\/v2\/pages\/3947","targetHints":{"allow":["GET"]}}],"collection":[{"href":"https:\/\/www.messdiener-laggenbeck.de\/index.php?rest_route=\/wp\/v2\/pages"}],"about":[{"href":"https:\/\/www.messdiener-laggenbeck.de\/index.php?rest_route=\/wp\/v2\/types\/page"}],"author":[{"embeddable":true,"href":"https:\/\/www.messdiener-laggenbeck.de\/index.php?rest_route=\/wp\/v2\/users\/2"}],"replies":[{"embeddable":true,"href":"https:\/\/www.messdiener-laggenbeck.de\/index.php?rest_route=%2Fwp%2Fv2%2Fcomments&post=3947"}],"version-history":[{"count":27,"href":"https:\/\/www.messdiener-laggenbeck.de\/index.php?rest_route=\/wp\/v2\/pages\/3947\/revisions"}],"predecessor-version":[{"id":6431,"href":"https:\/\/www.messdiener-laggenbeck.de\/index.php?rest_route=\/wp\/v2\/pages\/3947\/revisions\/6431"}],"up":[{"embeddable":true,"href":"https:\/\/www.messdiener-laggenbeck.de\/index.php?rest_route=\/wp\/v2\/pages\/6411"}],"wp:attachment":[{"href":"https:\/\/www.messdiener-laggenbeck.de\/index.php?rest_route=%2Fwp%2Fv2%2Fmedia&parent=3947"}],"curies":[{"name":"wp","href":"https:\/\/api.w.org\/{rel}","templated":true}]}}