{"id":4112,"date":"2023-09-15T14:25:44","date_gmt":"2023-09-15T12:25:44","guid":{"rendered":"http:\/\/www.messdiener-laggenbeck.de\/?page_id=4112"},"modified":"2024-11-05T11:40:48","modified_gmt":"2024-11-05T09:40:48","slug":"komm-vorbei","status":"publish","type":"page","link":"https:\/\/www.messdiener-laggenbeck.de\/?page_id=4112","title":{"rendered":"Komm vorbei!"},"content":{"rendered":"\n<p>Wir sind die Messdiener*innen der Kirchengemeinde St. Maria Magdalena aus Laggenbeck. <\/p>\n\n\n\n<h5 class=\"wp-block-heading\">Doch wer sind wir und was machen wir?<\/h5>\n\n\n\n<h6 class=\"wp-block-heading\">W\u00f6chentliche Gruppenstunden<\/h6>\n\n\n\n<p>Die Bibel auswendig lernen, st\u00e4ndig beten und immer in der Kirche sein? \u2013 Oh, nein. Wir sind eine Gruppe von Jugendlichen, welche sich einmal w\u00f6chentlich mit Gleichaltrigen im Pfarrheim trifft und zusammen \u2019ne Menge Spa\u00df hat!<\/p>\n\n\n\n<p>In den Gruppenstunden bei uns wird gerne gebastelt, gebacken, gekocht und gequatscht. Aber auch Fu\u00dfball gespielt, drau\u00dfen gespielt und das Dorf mit verschiedensten Spielen unsicher gemacht. Nat\u00fcrlich k\u00f6nnt ihr in den Gruppenstunden auch selbst entscheiden und mitbestimmen was ihr gerne machen m\u00f6chtet. Jede Gruppenstunde wird von mindestens zwei Leiter*innen geleitet, welche eure Ansprechpersonen sind. Gerne k\u00f6nnt ihr diesbez\u00fcglich auf der Seite \u201eGruppenstunden &#8211; Zeiten\u201c nach den aktuellen Zeit eures Jahrgangs nachschauen. <br><\/p>\n\n\n\n<h6 class=\"wp-block-heading\">Aktionen<\/h6>\n\n\n\n<p>Die Gruppenstunden werden aber nicht nur mit Spiel und Spa\u00df verbracht. Neben den w\u00f6chentlichen Gruppenstunden in Kleingruppen bieten wir \u00fcber das Jahr verteilter verschiedene gr\u00f6\u00dfere Aktionen f\u00fcr die gesamten Messdiener*innen und nicht Messdiener*innen an: wir gehen ins Schwimmbad, machen Gro\u00dfspiele im Dorf und bieten z.B. coole Karneval- und Halloweenpartys an. Ein besonderes Highlight ist unser j\u00e4hrliches Zeltlager  &#8211; das MeSoLa &#8211; in den Sommerferien. Auch dazu findet ihr weitere Informationen auf unserer Homepage.<br><\/p>\n\n\n\n<h6 class=\"wp-block-heading\">Der Dienst in der Kirche<\/h6>\n\n\n\n<p>Einmal im Monat hat jeder\/ jede die Aufgabe den Dienst in der Kirche zu \u00fcbernehmen und dort als Messdiener*in den Pastor zu unterst\u00fctzen. Selbstverst\u00e4ndlich werdet ihr auf diese Aufgabe gemeinsam mit euren Gruppenleiter*in  und ggf. dem Pastor gut vorbereitet. Auch wird darauf geachtet, dass in jeder Messe mindestens ein \u00e4lterer\/ erfahrener Messdiener anwesend ist. So habt ihr die M\u00f6glichkeit bei Unsicherheiten nochmal Fragen zu stellen. <br><\/p>\n\n\n\n<h6 class=\"wp-block-heading\"><strong>Komm vorbei und werde Messdiener*in in Laggenbeck, wir warten auf dich!<\/strong><\/h6>\n\n\n\n<p class=\"has-text-align-left\">Bei uns d\u00fcrfen \u00fcbrigens alle Kinder mitmachen! Es ist nicht wichtig ob du katholisch, evangelisch bist oder bei der Kommunion warst. Wichtig ist, dass du Spa\u00df hast neue Leute kennenzulernen und gemeinsam coole Dinge zu unternehmen. Wir freuen uns immer \u00fcber neue Gesichter in unseren Gruppenstunden. Also schau doch mal vorbei.<\/p>\n","protected":false},"excerpt":{"rendered":"<p>Wir sind die Messdiener*innen der Kirchengemeinde St. Maria Magdalena aus Laggenbeck. Doch wer sind wir und was machen wir? W\u00f6chentliche Gruppenstunden Die Bibel auswendig lernen, st\u00e4ndig beten und immer in der Kirche sein? \u2013 Oh, nein. Wir sind eine Gruppe von Jugendlichen, welche sich einmal w\u00f6chentlich mit Gleichaltrigen im Pfarrheim trifft und zusammen \u2019ne Menge &hellip; <\/p>\n<p class=\"link-more\"><a href=\"https:\/\/www.messdiener-laggenbeck.de\/?page_id=4112\" class=\"more-link\"><span class=\"screen-reader-text\">\u201eKomm vorbei!\u201c<\/span> weiterlesen<\/a><\/p>\n","protected":false},"author":2,"featured_media":0,"parent":0,"menu_order":0,"comment_status":"closed","ping_status":"closed","template":"","meta":{"ngg_post_thumbnail":0,"footnotes":""},"class_list":["post-4112","page","type-page","status-publish","hentry"],"_links":{"self":[{"href":"https:\/\/www.messdiener-laggenbeck.de\/index.php?rest_route=\/wp\/v2\/pages\/4112","targetHints":{"allow":["GET"]}}],"collection":[{"href":"https:\/\/www.messdiener-laggenbeck.de\/index.php?rest_route=\/wp\/v2\/pages"}],"about":[{"href":"https:\/\/www.messdiener-laggenbeck.de\/index.php?rest_route=\/wp\/v2\/types\/page"}],"author":[{"embeddable":true,"href":"https:\/\/www.messdiener-laggenbeck.de\/index.php?rest_route=\/wp\/v2\/users\/2"}],"replies":[{"embeddable":true,"href":"https:\/\/www.messdiener-laggenbeck.de\/index.php?rest_route=%2Fwp%2Fv2%2Fcomments&post=4112"}],"version-history":[{"count":5,"href":"https:\/\/www.messdiener-laggenbeck.de\/index.php?rest_route=\/wp\/v2\/pages\/4112\/revisions"}],"predecessor-version":[{"id":6208,"href":"https:\/\/www.messdiener-laggenbeck.de\/index.php?rest_route=\/wp\/v2\/pages\/4112\/revisions\/6208"}],"wp:attachment":[{"href":"https:\/\/www.messdiener-laggenbeck.de\/index.php?rest_route=%2Fwp%2Fv2%2Fmedia&parent=4112"}],"curies":[{"name":"wp","href":"https:\/\/api.w.org\/{rel}","templated":true}]}}