{"id":4698,"date":"2024-01-24T18:28:28","date_gmt":"2024-01-24T16:28:28","guid":{"rendered":"http:\/\/www.messdiener-laggenbeck.de\/?page_id=4698"},"modified":"2024-08-24T23:32:54","modified_gmt":"2024-08-24T21:32:54","slug":"motto","status":"publish","type":"page","link":"https:\/\/www.messdiener-laggenbeck.de\/?page_id=4698","title":{"rendered":"Motto"},"content":{"rendered":"\n<p>Wir freuen uns euch endlich das diesj\u00e4hrige Motto zu ver\u00f6ffentlichen zu d\u00fcrfen! \ud83e\udd41<\/p>\n\n\n\n<figure class=\"wp-block-image size-large\"><a href=\"http:\/\/www.messdiener-laggenbeck.de\/wp-content\/uploads\/2024\/01\/MeSoLa-Plakat-final.png\"><img loading=\"lazy\" decoding=\"async\" width=\"724\" height=\"1024\" src=\"http:\/\/www.messdiener-laggenbeck.de\/wp-content\/uploads\/2024\/01\/MeSoLa-Plakat-final-724x1024.png\" alt=\"\" class=\"wp-image-4712\" srcset=\"https:\/\/www.messdiener-laggenbeck.de\/wp-content\/uploads\/2024\/01\/MeSoLa-Plakat-final-724x1024.png 724w, https:\/\/www.messdiener-laggenbeck.de\/wp-content\/uploads\/2024\/01\/MeSoLa-Plakat-final-212x300.png 212w, https:\/\/www.messdiener-laggenbeck.de\/wp-content\/uploads\/2024\/01\/MeSoLa-Plakat-final-768x1086.png 768w, https:\/\/www.messdiener-laggenbeck.de\/wp-content\/uploads\/2024\/01\/MeSoLa-Plakat-final-1086x1536.png 1086w, https:\/\/www.messdiener-laggenbeck.de\/wp-content\/uploads\/2024\/01\/MeSoLa-Plakat-final.png 1414w\" sizes=\"auto, (max-width: 724px) 100vw, 724px\" \/><\/a><\/figure>\n\n\n\n<p><\/p>\n\n\n\n<h2 class=\"wp-block-heading has-text-align-center\"><strong>\u201eMit dem MeSoLa auf hoher See!\u201c<\/strong><\/h2>\n","protected":false},"excerpt":{"rendered":"<p>Wir freuen uns euch endlich das diesj\u00e4hrige Motto zu ver\u00f6ffentlichen zu d\u00fcrfen! \ud83e\udd41 \u201eMit dem MeSoLa auf hoher See!\u201c<\/p>\n","protected":false},"author":2,"featured_media":0,"parent":0,"menu_order":0,"comment_status":"closed","ping_status":"closed","template":"","meta":{"ngg_post_thumbnail":0,"footnotes":""},"class_list":["post-4698","page","type-page","status-publish","hentry"],"_links":{"self":[{"href":"https:\/\/www.messdiener-laggenbeck.de\/index.php?rest_route=\/wp\/v2\/pages\/4698","targetHints":{"allow":["GET"]}}],"collection":[{"href":"https:\/\/www.messdiener-laggenbeck.de\/index.php?rest_route=\/wp\/v2\/pages"}],"about":[{"href":"https:\/\/www.messdiener-laggenbeck.de\/index.php?rest_route=\/wp\/v2\/types\/page"}],"author":[{"embeddable":true,"href":"https:\/\/www.messdiener-laggenbeck.de\/index.php?rest_route=\/wp\/v2\/users\/2"}],"replies":[{"embeddable":true,"href":"https:\/\/www.messdiener-laggenbeck.de\/index.php?rest_route=%2Fwp%2Fv2%2Fcomments&post=4698"}],"version-history":[{"count":4,"href":"https:\/\/www.messdiener-laggenbeck.de\/index.php?rest_route=\/wp\/v2\/pages\/4698\/revisions"}],"predecessor-version":[{"id":5245,"href":"https:\/\/www.messdiener-laggenbeck.de\/index.php?rest_route=\/wp\/v2\/pages\/4698\/revisions\/5245"}],"wp:attachment":[{"href":"https:\/\/www.messdiener-laggenbeck.de\/index.php?rest_route=%2Fwp%2Fv2%2Fmedia&parent=4698"}],"curies":[{"name":"wp","href":"https:\/\/api.w.org\/{rel}","templated":true}]}}