{"id":5238,"date":"2024-08-24T23:28:54","date_gmt":"2024-08-24T21:28:54","guid":{"rendered":"http:\/\/www.messdiener-laggenbeck.de\/?page_id=5238"},"modified":"2024-08-24T23:31:44","modified_gmt":"2024-08-24T21:31:44","slug":"motto-3","status":"publish","type":"page","link":"https:\/\/www.messdiener-laggenbeck.de\/?page_id=5238","title":{"rendered":"Motto"},"content":{"rendered":"\n<p>Wir freuen uns euch endlich das diesj\u00e4hrige Motto zu ver\u00f6ffentlichen zu d\u00fcrfen!\u00a0\ud83e\udd41<\/p>\n\n\n\n<figure class=\"wp-block-image size-large\"><a href=\"http:\/\/www.messdiener-laggenbeck.de\/wp-content\/uploads\/2024\/08\/IMG_2153.jpg\"><img loading=\"lazy\" decoding=\"async\" width=\"623\" height=\"1024\" src=\"http:\/\/www.messdiener-laggenbeck.de\/wp-content\/uploads\/2024\/08\/IMG_2153-623x1024.jpg\" alt=\"\" class=\"wp-image-5239\" srcset=\"https:\/\/www.messdiener-laggenbeck.de\/wp-content\/uploads\/2024\/08\/IMG_2153-623x1024.jpg 623w, https:\/\/www.messdiener-laggenbeck.de\/wp-content\/uploads\/2024\/08\/IMG_2153-183x300.jpg 183w, https:\/\/www.messdiener-laggenbeck.de\/wp-content\/uploads\/2024\/08\/IMG_2153-768x1262.jpg 768w, https:\/\/www.messdiener-laggenbeck.de\/wp-content\/uploads\/2024\/08\/IMG_2153-935x1536.jpg 935w, https:\/\/www.messdiener-laggenbeck.de\/wp-content\/uploads\/2024\/08\/IMG_2153.jpg 1170w\" sizes=\"auto, (max-width: 623px) 100vw, 623px\" \/><\/a><\/figure>\n\n\n\n<h2 class=\"wp-block-heading has-text-align-center\"><strong>Mit dem MeSoLa durch die Welt der Musik!<\/strong><\/h2>\n\n\n\n<hr class=\"wp-block-separator has-alpha-channel-opacity\"\/>\n\n\n\n<p><strong>Dieses Jahr reisen wir mit dem MeSoLa durch die Welt der Musik! <\/strong>Es hei\u00dft also rauf aufs Fahrrad und rein in die Welt des Jazz, Pop und HipHop. Oder auch auf die B\u00fchne zu Queen und Taylor Swift.<\/p>\n\n\n\n<p><em>Wir sind gespannt auf ein super cooles Lager und hoffen, dass bei euch so langsam auch die Vorfreude steigt!<\/em><\/p>\n","protected":false},"excerpt":{"rendered":"<p>Wir freuen uns euch endlich das diesj\u00e4hrige Motto zu ver\u00f6ffentlichen zu d\u00fcrfen!\u00a0\ud83e\udd41 Mit dem MeSoLa durch die Welt der Musik! Dieses Jahr reisen wir mit dem MeSoLa durch die Welt der Musik! Es hei\u00dft also rauf aufs Fahrrad und rein in die Welt des Jazz, Pop und HipHop. Oder auch auf die B\u00fchne zu Queen &hellip; <\/p>\n<p class=\"link-more\"><a href=\"https:\/\/www.messdiener-laggenbeck.de\/?page_id=5238\" class=\"more-link\"><span class=\"screen-reader-text\">\u201eMotto\u201c<\/span> weiterlesen<\/a><\/p>\n","protected":false},"author":2,"featured_media":0,"parent":0,"menu_order":0,"comment_status":"closed","ping_status":"closed","template":"","meta":{"ngg_post_thumbnail":0,"footnotes":""},"class_list":["post-5238","page","type-page","status-publish","hentry"],"_links":{"self":[{"href":"https:\/\/www.messdiener-laggenbeck.de\/index.php?rest_route=\/wp\/v2\/pages\/5238","targetHints":{"allow":["GET"]}}],"collection":[{"href":"https:\/\/www.messdiener-laggenbeck.de\/index.php?rest_route=\/wp\/v2\/pages"}],"about":[{"href":"https:\/\/www.messdiener-laggenbeck.de\/index.php?rest_route=\/wp\/v2\/types\/page"}],"author":[{"embeddable":true,"href":"https:\/\/www.messdiener-laggenbeck.de\/index.php?rest_route=\/wp\/v2\/users\/2"}],"replies":[{"embeddable":true,"href":"https:\/\/www.messdiener-laggenbeck.de\/index.php?rest_route=%2Fwp%2Fv2%2Fcomments&post=5238"}],"version-history":[{"count":4,"href":"https:\/\/www.messdiener-laggenbeck.de\/index.php?rest_route=\/wp\/v2\/pages\/5238\/revisions"}],"predecessor-version":[{"id":5244,"href":"https:\/\/www.messdiener-laggenbeck.de\/index.php?rest_route=\/wp\/v2\/pages\/5238\/revisions\/5244"}],"wp:attachment":[{"href":"https:\/\/www.messdiener-laggenbeck.de\/index.php?rest_route=%2Fwp%2Fv2%2Fmedia&parent=5238"}],"curies":[{"name":"wp","href":"https:\/\/api.w.org\/{rel}","templated":true}]}}