{"id":6106,"date":"2024-10-29T12:12:39","date_gmt":"2024-10-29T10:12:39","guid":{"rendered":"http:\/\/www.messdiener-laggenbeck.de\/?page_id=6106"},"modified":"2024-10-29T12:24:51","modified_gmt":"2024-10-29T10:24:51","slug":"nachtreffen","status":"publish","type":"page","link":"https:\/\/www.messdiener-laggenbeck.de\/?page_id=6106","title":{"rendered":"Nachtreffen"},"content":{"rendered":"\n<h5 class=\"wp-block-heading\">\u279e NACHTREFFEN am 20. Oktober<\/h5>\n\n\n\n<p>Vor zwei Wochen haben sich alle MeSoLa Kinder nochmal im Freibad in Laggenbeck getroffen. Dort haben wir gemeinsam viele verschiedene Spiele gespielt, Kekse gegessen, Lagerg\u00fclle getrunken und die allj\u00e4hrliche Umfrage ausgef\u00fcllt. Nat\u00fcrlich konnten auch Fundsachen und alle selbstgemachten Kunstwerke mitgenommen werden. \ud83c\udfa8&nbsp;<\/p>\n\n\n\n<p>Am Nachmittag kamen dann noch die Eltern dazu und wir schauten zusammen den <a href=\"https:\/\/youtu.be\/FwLWzEdylaM?feature=shared\" data-type=\"link\" data-id=\"https:\/\/youtu.be\/FwLWzEdylaM?feature=shared\">Lagerfilm<\/a>! Immer wieder ein echtes Highlight &#8211; sowohl f\u00fcr uns Leiter*innen als auch f\u00fcr alle Kinder. Man f\u00fchlt sich sofort zur\u00fcckgesetzt in die sch\u00f6ne Zeit des Lagers und freut sich auf das n\u00e4chste Jahr.\ud83d\udcad\ud83e\udd73<\/p>\n\n\n\n<p>Wenn auch DU im MeSoLa 2025 dabei sein m\u00f6chtest, dann komm am Martini Markt zu uns und f\u00fclle eine unverbindliche Voranmeldung aus. Wir freuen uns! \ud83d\udc4b\ud83c\udffc<\/p>\n\n\n\n<p>Mit dem Nachtreffen ist das MeSoLa 2024 f\u00fcr uns nun offiziell abgeschlossen &#8211; und schon beginnen die Vorbereitungen und Planungen f\u00fcr das MeSoLa 2025! <strong>Danke<\/strong> an alle Leiter*innen, euer Einsatz hat das MeSoLa einzigartig gemacht! \ud83e\ude75<\/p>\n\n\n\n<figure class=\"wp-block-gallery has-nested-images columns-default is-cropped wp-block-gallery-1 is-layout-flex wp-block-gallery-is-layout-flex\">\n<figure class=\"wp-block-image size-large\"><a href=\"http:\/\/www.messdiener-laggenbeck.de\/wp-content\/uploads\/2024\/10\/1-3.png\"><img loading=\"lazy\" decoding=\"async\" width=\"1024\" height=\"819\" data-id=\"6121\" src=\"http:\/\/www.messdiener-laggenbeck.de\/wp-content\/uploads\/2024\/10\/1-3-1024x819.png\" alt=\"\" class=\"wp-image-6121\" srcset=\"https:\/\/www.messdiener-laggenbeck.de\/wp-content\/uploads\/2024\/10\/1-3-1024x819.png 1024w, https:\/\/www.messdiener-laggenbeck.de\/wp-content\/uploads\/2024\/10\/1-3-300x240.png 300w, https:\/\/www.messdiener-laggenbeck.de\/wp-content\/uploads\/2024\/10\/1-3-768x614.png 768w, https:\/\/www.messdiener-laggenbeck.de\/wp-content\/uploads\/2024\/10\/1-3.png 1350w\" sizes=\"auto, (max-width: 767px) 89vw, (max-width: 1000px) 54vw, (max-width: 1071px) 543px, 580px\" \/><\/a><\/figure>\n\n\n\n<figure class=\"wp-block-image size-large\"><a href=\"http:\/\/www.messdiener-laggenbeck.de\/wp-content\/uploads\/2024\/10\/2-2.png\"><img loading=\"lazy\" decoding=\"async\" width=\"1024\" height=\"819\" data-id=\"6122\" src=\"http:\/\/www.messdiener-laggenbeck.de\/wp-content\/uploads\/2024\/10\/2-2-1024x819.png\" alt=\"\" class=\"wp-image-6122\" srcset=\"https:\/\/www.messdiener-laggenbeck.de\/wp-content\/uploads\/2024\/10\/2-2-1024x819.png 1024w, https:\/\/www.messdiener-laggenbeck.de\/wp-content\/uploads\/2024\/10\/2-2-300x240.png 300w, https:\/\/www.messdiener-laggenbeck.de\/wp-content\/uploads\/2024\/10\/2-2-768x614.png 768w, https:\/\/www.messdiener-laggenbeck.de\/wp-content\/uploads\/2024\/10\/2-2.png 1350w\" sizes=\"auto, (max-width: 767px) 89vw, (max-width: 1000px) 54vw, (max-width: 1071px) 543px, 580px\" \/><\/a><\/figure>\n\n\n\n<figure class=\"wp-block-image size-large\"><a href=\"http:\/\/www.messdiener-laggenbeck.de\/wp-content\/uploads\/2024\/10\/3-3.png\"><img loading=\"lazy\" decoding=\"async\" width=\"1024\" height=\"819\" data-id=\"6123\" src=\"http:\/\/www.messdiener-laggenbeck.de\/wp-content\/uploads\/2024\/10\/3-3-1024x819.png\" alt=\"\" class=\"wp-image-6123\" srcset=\"https:\/\/www.messdiener-laggenbeck.de\/wp-content\/uploads\/2024\/10\/3-3-1024x819.png 1024w, https:\/\/www.messdiener-laggenbeck.de\/wp-content\/uploads\/2024\/10\/3-3-300x240.png 300w, https:\/\/www.messdiener-laggenbeck.de\/wp-content\/uploads\/2024\/10\/3-3-768x614.png 768w, https:\/\/www.messdiener-laggenbeck.de\/wp-content\/uploads\/2024\/10\/3-3.png 1350w\" sizes=\"auto, (max-width: 767px) 89vw, (max-width: 1000px) 54vw, (max-width: 1071px) 543px, 580px\" \/><\/a><\/figure>\n\n\n\n<figure class=\"wp-block-image size-large\"><a href=\"http:\/\/www.messdiener-laggenbeck.de\/wp-content\/uploads\/2024\/10\/4-3.png\"><img loading=\"lazy\" decoding=\"async\" width=\"1024\" height=\"819\" data-id=\"6126\" src=\"http:\/\/www.messdiener-laggenbeck.de\/wp-content\/uploads\/2024\/10\/4-3-1024x819.png\" alt=\"\" class=\"wp-image-6126\" srcset=\"https:\/\/www.messdiener-laggenbeck.de\/wp-content\/uploads\/2024\/10\/4-3-1024x819.png 1024w, https:\/\/www.messdiener-laggenbeck.de\/wp-content\/uploads\/2024\/10\/4-3-300x240.png 300w, https:\/\/www.messdiener-laggenbeck.de\/wp-content\/uploads\/2024\/10\/4-3-768x614.png 768w, https:\/\/www.messdiener-laggenbeck.de\/wp-content\/uploads\/2024\/10\/4-3.png 1350w\" sizes=\"auto, (max-width: 767px) 89vw, (max-width: 1000px) 54vw, (max-width: 1071px) 543px, 580px\" \/><\/a><\/figure>\n\n\n\n<figure class=\"wp-block-image size-large\"><a href=\"http:\/\/www.messdiener-laggenbeck.de\/wp-content\/uploads\/2024\/10\/5-4.png\"><img loading=\"lazy\" decoding=\"async\" width=\"1024\" height=\"819\" data-id=\"6125\" src=\"http:\/\/www.messdiener-laggenbeck.de\/wp-content\/uploads\/2024\/10\/5-4-1024x819.png\" alt=\"\" class=\"wp-image-6125\" srcset=\"https:\/\/www.messdiener-laggenbeck.de\/wp-content\/uploads\/2024\/10\/5-4-1024x819.png 1024w, https:\/\/www.messdiener-laggenbeck.de\/wp-content\/uploads\/2024\/10\/5-4-300x240.png 300w, https:\/\/www.messdiener-laggenbeck.de\/wp-content\/uploads\/2024\/10\/5-4-768x614.png 768w, https:\/\/www.messdiener-laggenbeck.de\/wp-content\/uploads\/2024\/10\/5-4.png 1350w\" sizes=\"auto, (max-width: 767px) 89vw, (max-width: 1000px) 54vw, (max-width: 1071px) 543px, 580px\" \/><\/a><\/figure>\n\n\n\n<figure class=\"wp-block-image size-large\"><a href=\"http:\/\/www.messdiener-laggenbeck.de\/wp-content\/uploads\/2024\/10\/6-2.png\"><img loading=\"lazy\" decoding=\"async\" width=\"1024\" height=\"819\" data-id=\"6124\" src=\"http:\/\/www.messdiener-laggenbeck.de\/wp-content\/uploads\/2024\/10\/6-2-1024x819.png\" alt=\"\" class=\"wp-image-6124\" srcset=\"https:\/\/www.messdiener-laggenbeck.de\/wp-content\/uploads\/2024\/10\/6-2-1024x819.png 1024w, https:\/\/www.messdiener-laggenbeck.de\/wp-content\/uploads\/2024\/10\/6-2-300x240.png 300w, https:\/\/www.messdiener-laggenbeck.de\/wp-content\/uploads\/2024\/10\/6-2-768x614.png 768w, https:\/\/www.messdiener-laggenbeck.de\/wp-content\/uploads\/2024\/10\/6-2.png 1350w\" sizes=\"auto, (max-width: 767px) 89vw, (max-width: 1000px) 54vw, (max-width: 1071px) 543px, 580px\" \/><\/a><\/figure>\n\n\n\n<figure class=\"wp-block-image size-large\"><a href=\"http:\/\/www.messdiener-laggenbeck.de\/wp-content\/uploads\/2024\/10\/7-2.png\"><img loading=\"lazy\" decoding=\"async\" width=\"1024\" height=\"819\" data-id=\"6128\" src=\"http:\/\/www.messdiener-laggenbeck.de\/wp-content\/uploads\/2024\/10\/7-2-1024x819.png\" alt=\"\" class=\"wp-image-6128\" srcset=\"https:\/\/www.messdiener-laggenbeck.de\/wp-content\/uploads\/2024\/10\/7-2-1024x819.png 1024w, https:\/\/www.messdiener-laggenbeck.de\/wp-content\/uploads\/2024\/10\/7-2-300x240.png 300w, https:\/\/www.messdiener-laggenbeck.de\/wp-content\/uploads\/2024\/10\/7-2-768x614.png 768w, https:\/\/www.messdiener-laggenbeck.de\/wp-content\/uploads\/2024\/10\/7-2.png 1350w\" sizes=\"auto, (max-width: 767px) 89vw, (max-width: 1000px) 54vw, (max-width: 1071px) 543px, 580px\" \/><\/a><\/figure>\n\n\n\n<figure class=\"wp-block-image size-large\"><a href=\"http:\/\/www.messdiener-laggenbeck.de\/wp-content\/uploads\/2024\/10\/8-3.png\"><img loading=\"lazy\" decoding=\"async\" width=\"1024\" height=\"819\" data-id=\"6129\" src=\"http:\/\/www.messdiener-laggenbeck.de\/wp-content\/uploads\/2024\/10\/8-3-1024x819.png\" alt=\"\" class=\"wp-image-6129\" srcset=\"https:\/\/www.messdiener-laggenbeck.de\/wp-content\/uploads\/2024\/10\/8-3-1024x819.png 1024w, https:\/\/www.messdiener-laggenbeck.de\/wp-content\/uploads\/2024\/10\/8-3-300x240.png 300w, https:\/\/www.messdiener-laggenbeck.de\/wp-content\/uploads\/2024\/10\/8-3-768x614.png 768w, https:\/\/www.messdiener-laggenbeck.de\/wp-content\/uploads\/2024\/10\/8-3.png 1350w\" sizes=\"auto, (max-width: 767px) 89vw, (max-width: 1000px) 54vw, (max-width: 1071px) 543px, 580px\" \/><\/a><\/figure>\n\n\n\n<figure class=\"wp-block-image size-large\"><a href=\"http:\/\/www.messdiener-laggenbeck.de\/wp-content\/uploads\/2024\/10\/9-3.png\"><img loading=\"lazy\" decoding=\"async\" width=\"1024\" height=\"819\" data-id=\"6127\" src=\"http:\/\/www.messdiener-laggenbeck.de\/wp-content\/uploads\/2024\/10\/9-3-1024x819.png\" alt=\"\" class=\"wp-image-6127\" srcset=\"https:\/\/www.messdiener-laggenbeck.de\/wp-content\/uploads\/2024\/10\/9-3-1024x819.png 1024w, https:\/\/www.messdiener-laggenbeck.de\/wp-content\/uploads\/2024\/10\/9-3-300x240.png 300w, https:\/\/www.messdiener-laggenbeck.de\/wp-content\/uploads\/2024\/10\/9-3-768x614.png 768w, https:\/\/www.messdiener-laggenbeck.de\/wp-content\/uploads\/2024\/10\/9-3.png 1350w\" sizes=\"auto, (max-width: 767px) 89vw, (max-width: 1000px) 54vw, (max-width: 1071px) 543px, 580px\" \/><\/a><\/figure>\n\n\n\n<figure class=\"wp-block-image size-large\"><a href=\"http:\/\/www.messdiener-laggenbeck.de\/wp-content\/uploads\/2024\/10\/10-1.png\"><img loading=\"lazy\" decoding=\"async\" width=\"1024\" height=\"819\" data-id=\"6132\" src=\"http:\/\/www.messdiener-laggenbeck.de\/wp-content\/uploads\/2024\/10\/10-1-1024x819.png\" alt=\"\" class=\"wp-image-6132\" srcset=\"https:\/\/www.messdiener-laggenbeck.de\/wp-content\/uploads\/2024\/10\/10-1-1024x819.png 1024w, https:\/\/www.messdiener-laggenbeck.de\/wp-content\/uploads\/2024\/10\/10-1-300x240.png 300w, https:\/\/www.messdiener-laggenbeck.de\/wp-content\/uploads\/2024\/10\/10-1-768x614.png 768w, https:\/\/www.messdiener-laggenbeck.de\/wp-content\/uploads\/2024\/10\/10-1.png 1350w\" sizes=\"auto, (max-width: 767px) 89vw, (max-width: 1000px) 54vw, (max-width: 1071px) 543px, 580px\" \/><\/a><\/figure>\n\n\n\n<figure class=\"wp-block-image size-large\"><a href=\"http:\/\/www.messdiener-laggenbeck.de\/wp-content\/uploads\/2024\/10\/11-1.png\"><img loading=\"lazy\" decoding=\"async\" width=\"1024\" height=\"819\" data-id=\"6130\" src=\"http:\/\/www.messdiener-laggenbeck.de\/wp-content\/uploads\/2024\/10\/11-1-1024x819.png\" alt=\"\" class=\"wp-image-6130\" srcset=\"https:\/\/www.messdiener-laggenbeck.de\/wp-content\/uploads\/2024\/10\/11-1-1024x819.png 1024w, https:\/\/www.messdiener-laggenbeck.de\/wp-content\/uploads\/2024\/10\/11-1-300x240.png 300w, https:\/\/www.messdiener-laggenbeck.de\/wp-content\/uploads\/2024\/10\/11-1-768x614.png 768w, https:\/\/www.messdiener-laggenbeck.de\/wp-content\/uploads\/2024\/10\/11-1.png 1350w\" sizes=\"auto, (max-width: 767px) 89vw, (max-width: 1000px) 54vw, (max-width: 1071px) 543px, 580px\" \/><\/a><\/figure>\n\n\n\n<figure class=\"wp-block-image size-large\"><a href=\"http:\/\/www.messdiener-laggenbeck.de\/wp-content\/uploads\/2024\/10\/12-2.png\"><img loading=\"lazy\" decoding=\"async\" width=\"1024\" height=\"819\" data-id=\"6131\" src=\"http:\/\/www.messdiener-laggenbeck.de\/wp-content\/uploads\/2024\/10\/12-2-1024x819.png\" alt=\"\" class=\"wp-image-6131\" srcset=\"https:\/\/www.messdiener-laggenbeck.de\/wp-content\/uploads\/2024\/10\/12-2-1024x819.png 1024w, https:\/\/www.messdiener-laggenbeck.de\/wp-content\/uploads\/2024\/10\/12-2-300x240.png 300w, https:\/\/www.messdiener-laggenbeck.de\/wp-content\/uploads\/2024\/10\/12-2-768x614.png 768w, https:\/\/www.messdiener-laggenbeck.de\/wp-content\/uploads\/2024\/10\/12-2.png 1350w\" sizes=\"auto, (max-width: 767px) 89vw, (max-width: 1000px) 54vw, (max-width: 1071px) 543px, 580px\" \/><\/a><\/figure>\n<\/figure>\n","protected":false},"excerpt":{"rendered":"<p>\u279e NACHTREFFEN am 20. Oktober Vor zwei Wochen haben sich alle MeSoLa Kinder nochmal im Freibad in Laggenbeck getroffen. Dort haben wir gemeinsam viele verschiedene Spiele gespielt, Kekse gegessen, Lagerg\u00fclle getrunken und die allj\u00e4hrliche Umfrage ausgef\u00fcllt. Nat\u00fcrlich konnten auch Fundsachen und alle selbstgemachten Kunstwerke mitgenommen werden. \ud83c\udfa8&nbsp; Am Nachmittag kamen dann noch die Eltern dazu &hellip; <\/p>\n<p class=\"link-more\"><a href=\"https:\/\/www.messdiener-laggenbeck.de\/?page_id=6106\" class=\"more-link\"><span class=\"screen-reader-text\">\u201eNachtreffen\u201c<\/span> weiterlesen<\/a><\/p>\n","protected":false},"author":2,"featured_media":0,"parent":0,"menu_order":0,"comment_status":"closed","ping_status":"closed","template":"","meta":{"ngg_post_thumbnail":0,"footnotes":""},"class_list":["post-6106","page","type-page","status-publish","hentry"],"_links":{"self":[{"href":"https:\/\/www.messdiener-laggenbeck.de\/index.php?rest_route=\/wp\/v2\/pages\/6106","targetHints":{"allow":["GET"]}}],"collection":[{"href":"https:\/\/www.messdiener-laggenbeck.de\/index.php?rest_route=\/wp\/v2\/pages"}],"about":[{"href":"https:\/\/www.messdiener-laggenbeck.de\/index.php?rest_route=\/wp\/v2\/types\/page"}],"author":[{"embeddable":true,"href":"https:\/\/www.messdiener-laggenbeck.de\/index.php?rest_route=\/wp\/v2\/users\/2"}],"replies":[{"embeddable":true,"href":"https:\/\/www.messdiener-laggenbeck.de\/index.php?rest_route=%2Fwp%2Fv2%2Fcomments&post=6106"}],"version-history":[{"count":2,"href":"https:\/\/www.messdiener-laggenbeck.de\/index.php?rest_route=\/wp\/v2\/pages\/6106\/revisions"}],"predecessor-version":[{"id":6134,"href":"https:\/\/www.messdiener-laggenbeck.de\/index.php?rest_route=\/wp\/v2\/pages\/6106\/revisions\/6134"}],"wp:attachment":[{"href":"https:\/\/www.messdiener-laggenbeck.de\/index.php?rest_route=%2Fwp%2Fv2%2Fmedia&parent=6106"}],"curies":[{"name":"wp","href":"https:\/\/api.w.org\/{rel}","templated":true}]}}