{"id":6135,"date":"2024-10-30T14:41:52","date_gmt":"2024-10-30T12:41:52","guid":{"rendered":"http:\/\/www.messdiener-laggenbeck.de\/?page_id=6135"},"modified":"2024-11-02T14:26:41","modified_gmt":"2024-11-02T12:26:41","slug":"danke","status":"publish","type":"page","link":"https:\/\/www.messdiener-laggenbeck.de\/?page_id=6135","title":{"rendered":"Danke"},"content":{"rendered":"\n<h5 class=\"wp-block-heading\">fahrschule St\u00f6cker<\/h5>\n\n\n\n<p>Ein gro\u00dfes Dankesch\u00f6n geht in diesem Jahr wieder an die <strong><a href=\"https:\/\/www.fahrschule-st\u00f6cker.de\">Fahrschule St\u00f6cker<\/a> <\/strong>f\u00fcr die gro\u00dfz\u00fcgige Unterst\u00fctzung! Dank eines neuen Containers haben wir weiterhin die M\u00f6glichkeit alle wichtigen Materialien f\u00fcr das MeSoLa sicher zu verwahren und zu transportieren. So k\u00f6nnen wir voller Vorfreude in die kommende Lagersaison starten. Auch f\u00fcr den zuverl\u00e4ssigen Transport und die Unterstellm\u00f6glichkeit&nbsp; f\u00fcr das restliche Jahr sind wir euch sehr dankbar \u2013 ohne eure Hilfe w\u00e4re das Lager in dieser Form nicht m\u00f6glich. <\/p>\n\n\n\n<p><strong>Danke<\/strong>, dass ihr uns so tatkr\u00e4ftig unterst\u00fctzt!<\/p>\n\n\n\n<figure class=\"wp-block-gallery has-nested-images columns-default is-cropped wp-block-gallery-1 is-layout-flex wp-block-gallery-is-layout-flex\">\n<figure class=\"wp-block-image size-large\"><a href=\"http:\/\/www.messdiener-laggenbeck.de\/wp-content\/uploads\/2024\/10\/1-4.png\"><img loading=\"lazy\" decoding=\"async\" width=\"1024\" height=\"819\" data-id=\"6136\" src=\"http:\/\/www.messdiener-laggenbeck.de\/wp-content\/uploads\/2024\/10\/1-4-1024x819.png\" alt=\"\" class=\"wp-image-6136\" srcset=\"https:\/\/www.messdiener-laggenbeck.de\/wp-content\/uploads\/2024\/10\/1-4-1024x819.png 1024w, https:\/\/www.messdiener-laggenbeck.de\/wp-content\/uploads\/2024\/10\/1-4-300x240.png 300w, https:\/\/www.messdiener-laggenbeck.de\/wp-content\/uploads\/2024\/10\/1-4-768x614.png 768w, https:\/\/www.messdiener-laggenbeck.de\/wp-content\/uploads\/2024\/10\/1-4.png 1350w\" sizes=\"auto, (max-width: 767px) 89vw, (max-width: 1000px) 54vw, (max-width: 1071px) 543px, 580px\" \/><\/a><\/figure>\n\n\n\n<figure class=\"wp-block-image size-large\"><a href=\"http:\/\/www.messdiener-laggenbeck.de\/wp-content\/uploads\/2024\/10\/2-3.png\"><img loading=\"lazy\" decoding=\"async\" width=\"1024\" height=\"819\" data-id=\"6137\" src=\"http:\/\/www.messdiener-laggenbeck.de\/wp-content\/uploads\/2024\/10\/2-3-1024x819.png\" alt=\"\" class=\"wp-image-6137\" srcset=\"https:\/\/www.messdiener-laggenbeck.de\/wp-content\/uploads\/2024\/10\/2-3-1024x819.png 1024w, https:\/\/www.messdiener-laggenbeck.de\/wp-content\/uploads\/2024\/10\/2-3-300x240.png 300w, https:\/\/www.messdiener-laggenbeck.de\/wp-content\/uploads\/2024\/10\/2-3-768x614.png 768w, https:\/\/www.messdiener-laggenbeck.de\/wp-content\/uploads\/2024\/10\/2-3.png 1350w\" sizes=\"auto, (max-width: 767px) 89vw, (max-width: 1000px) 54vw, (max-width: 1071px) 543px, 580px\" \/><\/a><\/figure>\n\n\n\n<figure class=\"wp-block-image size-large\"><a href=\"http:\/\/www.messdiener-laggenbeck.de\/wp-content\/uploads\/2024\/10\/3-4.png\"><img loading=\"lazy\" decoding=\"async\" width=\"1024\" height=\"819\" data-id=\"6143\" src=\"http:\/\/www.messdiener-laggenbeck.de\/wp-content\/uploads\/2024\/10\/3-4-1024x819.png\" alt=\"\" class=\"wp-image-6143\" srcset=\"https:\/\/www.messdiener-laggenbeck.de\/wp-content\/uploads\/2024\/10\/3-4-1024x819.png 1024w, https:\/\/www.messdiener-laggenbeck.de\/wp-content\/uploads\/2024\/10\/3-4-300x240.png 300w, https:\/\/www.messdiener-laggenbeck.de\/wp-content\/uploads\/2024\/10\/3-4-768x614.png 768w, https:\/\/www.messdiener-laggenbeck.de\/wp-content\/uploads\/2024\/10\/3-4.png 1350w\" sizes=\"auto, (max-width: 767px) 89vw, (max-width: 1000px) 54vw, (max-width: 1071px) 543px, 580px\" \/><\/a><\/figure>\n\n\n\n<figure class=\"wp-block-image size-large\"><a href=\"http:\/\/www.messdiener-laggenbeck.de\/wp-content\/uploads\/2024\/10\/4-4.png\"><img loading=\"lazy\" decoding=\"async\" width=\"1024\" height=\"819\" data-id=\"6141\" src=\"http:\/\/www.messdiener-laggenbeck.de\/wp-content\/uploads\/2024\/10\/4-4-1024x819.png\" alt=\"\" class=\"wp-image-6141\" srcset=\"https:\/\/www.messdiener-laggenbeck.de\/wp-content\/uploads\/2024\/10\/4-4-1024x819.png 1024w, https:\/\/www.messdiener-laggenbeck.de\/wp-content\/uploads\/2024\/10\/4-4-300x240.png 300w, https:\/\/www.messdiener-laggenbeck.de\/wp-content\/uploads\/2024\/10\/4-4-768x614.png 768w, https:\/\/www.messdiener-laggenbeck.de\/wp-content\/uploads\/2024\/10\/4-4.png 1350w\" sizes=\"auto, (max-width: 767px) 89vw, (max-width: 1000px) 54vw, (max-width: 1071px) 543px, 580px\" \/><\/a><\/figure>\n\n\n\n<figure class=\"wp-block-image size-large\"><a href=\"http:\/\/www.messdiener-laggenbeck.de\/wp-content\/uploads\/2024\/10\/5-5.png\"><img loading=\"lazy\" decoding=\"async\" width=\"1024\" height=\"819\" data-id=\"6139\" src=\"http:\/\/www.messdiener-laggenbeck.de\/wp-content\/uploads\/2024\/10\/5-5-1024x819.png\" alt=\"\" class=\"wp-image-6139\" srcset=\"https:\/\/www.messdiener-laggenbeck.de\/wp-content\/uploads\/2024\/10\/5-5-1024x819.png 1024w, https:\/\/www.messdiener-laggenbeck.de\/wp-content\/uploads\/2024\/10\/5-5-300x240.png 300w, https:\/\/www.messdiener-laggenbeck.de\/wp-content\/uploads\/2024\/10\/5-5-768x614.png 768w, https:\/\/www.messdiener-laggenbeck.de\/wp-content\/uploads\/2024\/10\/5-5.png 1350w\" sizes=\"auto, (max-width: 767px) 89vw, (max-width: 1000px) 54vw, (max-width: 1071px) 543px, 580px\" \/><\/a><\/figure>\n\n\n\n<figure class=\"wp-block-image size-large\"><a href=\"http:\/\/www.messdiener-laggenbeck.de\/wp-content\/uploads\/2024\/10\/6-3.png\"><img loading=\"lazy\" decoding=\"async\" width=\"1024\" height=\"819\" data-id=\"6138\" src=\"http:\/\/www.messdiener-laggenbeck.de\/wp-content\/uploads\/2024\/10\/6-3-1024x819.png\" alt=\"\" class=\"wp-image-6138\" srcset=\"https:\/\/www.messdiener-laggenbeck.de\/wp-content\/uploads\/2024\/10\/6-3-1024x819.png 1024w, https:\/\/www.messdiener-laggenbeck.de\/wp-content\/uploads\/2024\/10\/6-3-300x240.png 300w, https:\/\/www.messdiener-laggenbeck.de\/wp-content\/uploads\/2024\/10\/6-3-768x614.png 768w, https:\/\/www.messdiener-laggenbeck.de\/wp-content\/uploads\/2024\/10\/6-3.png 1350w\" sizes=\"auto, (max-width: 767px) 89vw, (max-width: 1000px) 54vw, (max-width: 1071px) 543px, 580px\" \/><\/a><\/figure>\n\n\n\n<figure class=\"wp-block-image size-large\"><a href=\"http:\/\/www.messdiener-laggenbeck.de\/wp-content\/uploads\/2024\/10\/7-3.png\"><img loading=\"lazy\" decoding=\"async\" width=\"1024\" height=\"819\" data-id=\"6140\" src=\"http:\/\/www.messdiener-laggenbeck.de\/wp-content\/uploads\/2024\/10\/7-3-1024x819.png\" alt=\"\" class=\"wp-image-6140\" srcset=\"https:\/\/www.messdiener-laggenbeck.de\/wp-content\/uploads\/2024\/10\/7-3-1024x819.png 1024w, https:\/\/www.messdiener-laggenbeck.de\/wp-content\/uploads\/2024\/10\/7-3-300x240.png 300w, https:\/\/www.messdiener-laggenbeck.de\/wp-content\/uploads\/2024\/10\/7-3-768x614.png 768w, https:\/\/www.messdiener-laggenbeck.de\/wp-content\/uploads\/2024\/10\/7-3.png 1350w\" sizes=\"auto, (max-width: 767px) 89vw, (max-width: 1000px) 54vw, (max-width: 1071px) 543px, 580px\" \/><\/a><\/figure>\n\n\n\n<figure class=\"wp-block-image size-large\"><a href=\"http:\/\/www.messdiener-laggenbeck.de\/wp-content\/uploads\/2024\/10\/8-4.png\"><img loading=\"lazy\" decoding=\"async\" width=\"1024\" height=\"819\" data-id=\"6142\" src=\"http:\/\/www.messdiener-laggenbeck.de\/wp-content\/uploads\/2024\/10\/8-4-1024x819.png\" alt=\"\" class=\"wp-image-6142\" srcset=\"https:\/\/www.messdiener-laggenbeck.de\/wp-content\/uploads\/2024\/10\/8-4-1024x819.png 1024w, https:\/\/www.messdiener-laggenbeck.de\/wp-content\/uploads\/2024\/10\/8-4-300x240.png 300w, https:\/\/www.messdiener-laggenbeck.de\/wp-content\/uploads\/2024\/10\/8-4-768x614.png 768w, https:\/\/www.messdiener-laggenbeck.de\/wp-content\/uploads\/2024\/10\/8-4.png 1350w\" sizes=\"auto, (max-width: 767px) 89vw, (max-width: 1000px) 54vw, (max-width: 1071px) 543px, 580px\" \/><\/a><\/figure>\n<\/figure>\n\n\n\n<hr class=\"wp-block-separator has-alpha-channel-opacity\"\/>\n\n\n\n<h5 class=\"wp-block-heading\">Leugermann Apotheken<\/h5>\n\n\n\n<p>Ein herzliches Dankesch\u00f6n auch an die <strong><a href=\"https:\/\/leugermann.com\">Leugermann Apotheken<\/a><\/strong> f\u00fcr die gro\u00dfz\u00fcgige Spende an dringend ben\u00f6tigten Medikamenten f\u00fcr das MeSoLa! <br>Durch eure Unterst\u00fctzung konnten wir das Lager gut vorbereitet und mit einem sicheren Gef\u00fchl starten, da wir f\u00fcr kleinere Notf\u00e4lle und unerwartete Beschwerden bestens ausgestattet waren. Immer mit dabei war Lucky der L\u00f6we, welcher uns stets auf unseren Fahrradfahrten begleitet hat. Eure Hilfe ist f\u00fcr uns von unsch\u00e4tzbarem Wert \u2013 sie tr\u00e4gt ma\u00dfgeblich dazu bei, dass das Lager sicherer und sorgenfreier ablaufen kann.<br><\/p>\n\n\n\n<p><strong>Vielen Dank<\/strong>, dass ihr uns so verl\u00e4sslich unterst\u00fctzt und das MeSoLa damit jedes Jahr ein St\u00fcck besser macht! <\/p>\n\n\n\n<figure class=\"wp-block-gallery has-nested-images columns-default is-cropped wp-block-gallery-2 is-layout-flex wp-block-gallery-is-layout-flex\">\n<figure class=\"wp-block-image size-large\"><a href=\"http:\/\/www.messdiener-laggenbeck.de\/wp-content\/uploads\/2024\/11\/1-2.png\"><img loading=\"lazy\" decoding=\"async\" width=\"1024\" height=\"819\" data-id=\"6166\" src=\"http:\/\/www.messdiener-laggenbeck.de\/wp-content\/uploads\/2024\/11\/1-2-1024x819.png\" alt=\"\" class=\"wp-image-6166\" srcset=\"https:\/\/www.messdiener-laggenbeck.de\/wp-content\/uploads\/2024\/11\/1-2-1024x819.png 1024w, https:\/\/www.messdiener-laggenbeck.de\/wp-content\/uploads\/2024\/11\/1-2-300x240.png 300w, https:\/\/www.messdiener-laggenbeck.de\/wp-content\/uploads\/2024\/11\/1-2-768x614.png 768w, https:\/\/www.messdiener-laggenbeck.de\/wp-content\/uploads\/2024\/11\/1-2.png 1350w\" sizes=\"auto, (max-width: 767px) 89vw, (max-width: 1000px) 54vw, (max-width: 1071px) 543px, 580px\" \/><\/a><\/figure>\n\n\n\n<figure class=\"wp-block-image size-large\"><a href=\"http:\/\/www.messdiener-laggenbeck.de\/wp-content\/uploads\/2024\/11\/2-1.png\"><img loading=\"lazy\" decoding=\"async\" width=\"1024\" height=\"819\" data-id=\"6169\" src=\"http:\/\/www.messdiener-laggenbeck.de\/wp-content\/uploads\/2024\/11\/2-1-1024x819.png\" alt=\"\" class=\"wp-image-6169\" srcset=\"https:\/\/www.messdiener-laggenbeck.de\/wp-content\/uploads\/2024\/11\/2-1-1024x819.png 1024w, https:\/\/www.messdiener-laggenbeck.de\/wp-content\/uploads\/2024\/11\/2-1-300x240.png 300w, https:\/\/www.messdiener-laggenbeck.de\/wp-content\/uploads\/2024\/11\/2-1-768x614.png 768w, https:\/\/www.messdiener-laggenbeck.de\/wp-content\/uploads\/2024\/11\/2-1.png 1350w\" sizes=\"auto, (max-width: 767px) 89vw, (max-width: 1000px) 54vw, (max-width: 1071px) 543px, 580px\" \/><\/a><\/figure>\n\n\n\n<figure class=\"wp-block-image size-large\"><a href=\"http:\/\/www.messdiener-laggenbeck.de\/wp-content\/uploads\/2024\/11\/3-1.png\"><img loading=\"lazy\" decoding=\"async\" width=\"1024\" height=\"819\" data-id=\"6168\" src=\"http:\/\/www.messdiener-laggenbeck.de\/wp-content\/uploads\/2024\/11\/3-1-1024x819.png\" alt=\"\" class=\"wp-image-6168\" srcset=\"https:\/\/www.messdiener-laggenbeck.de\/wp-content\/uploads\/2024\/11\/3-1-1024x819.png 1024w, https:\/\/www.messdiener-laggenbeck.de\/wp-content\/uploads\/2024\/11\/3-1-300x240.png 300w, https:\/\/www.messdiener-laggenbeck.de\/wp-content\/uploads\/2024\/11\/3-1-768x614.png 768w, https:\/\/www.messdiener-laggenbeck.de\/wp-content\/uploads\/2024\/11\/3-1.png 1350w\" sizes=\"auto, (max-width: 767px) 89vw, (max-width: 1000px) 54vw, (max-width: 1071px) 543px, 580px\" \/><\/a><\/figure>\n\n\n\n<figure class=\"wp-block-image size-large\"><a href=\"http:\/\/www.messdiener-laggenbeck.de\/wp-content\/uploads\/2024\/11\/4-1.png\"><img loading=\"lazy\" decoding=\"async\" width=\"1024\" height=\"819\" data-id=\"6167\" src=\"http:\/\/www.messdiener-laggenbeck.de\/wp-content\/uploads\/2024\/11\/4-1-1024x819.png\" alt=\"\" class=\"wp-image-6167\" srcset=\"https:\/\/www.messdiener-laggenbeck.de\/wp-content\/uploads\/2024\/11\/4-1-1024x819.png 1024w, https:\/\/www.messdiener-laggenbeck.de\/wp-content\/uploads\/2024\/11\/4-1-300x240.png 300w, https:\/\/www.messdiener-laggenbeck.de\/wp-content\/uploads\/2024\/11\/4-1-768x614.png 768w, https:\/\/www.messdiener-laggenbeck.de\/wp-content\/uploads\/2024\/11\/4-1.png 1350w\" sizes=\"auto, (max-width: 767px) 89vw, (max-width: 1000px) 54vw, (max-width: 1071px) 543px, 580px\" \/><\/a><\/figure>\n<\/figure>\n\n\n\n<hr class=\"wp-block-separator has-alpha-channel-opacity\"\/>\n\n\n\n<h5 class=\"wp-block-heading\">weitere Unterst\u00fctzer<\/h5>\n\n\n\n<p>Ein herzliches Dankesch\u00f6n an all unsere gro\u00dfz\u00fcgigen Unterst\u00fctzer, die das MeSoLa zu dem machen, was es ist! Ob <strong>ACJ Zelte, Autohaus B\u00e4umer, B+S Engineering, BA Unternehmensgruppe, Baufachzentrum Kamp, das B\u00fcndnis f\u00fcr Familien\/Spielmobil, KFZ Technik Laggenbeck, KLJB Laggenbeck, Nothdurft GmbH Laggenbeck, Rainbow Animation, RK OV Laggenbeck, STJR Ibbenb\u00fcren, Werner Janing oder die Zwitscherbud<\/strong>e \u2013 ihr alle tragt mit eurem Engagement, euren Materialien und eurer Zeit ma\u00dfgeblich zum Gelingen des Lagers bei. <\/p>\n\n\n\n<p>Ein gro\u00dfes <strong>Dankesch\u00f6n<\/strong> auch an diejenigen, die hier vielleicht nicht namentlich aufgef\u00fchrt wurden \u2013 ohne euch und euren Einsatz w\u00e4re das MeSoLa nicht m\u00f6glich. Gemeinsam schaffen wir f\u00fcr die Kinder unvergessliche Sommererlebnisse! <\/p>\n\n\n\n<figure class=\"wp-block-gallery has-nested-images columns-default is-cropped wp-block-gallery-3 is-layout-flex wp-block-gallery-is-layout-flex\">\n<figure class=\"wp-block-image size-large\"><a href=\"http:\/\/www.messdiener-laggenbeck.de\/wp-content\/uploads\/2024\/11\/1-1.png\"><img loading=\"lazy\" decoding=\"async\" width=\"1024\" height=\"819\" data-id=\"6158\" src=\"http:\/\/www.messdiener-laggenbeck.de\/wp-content\/uploads\/2024\/11\/1-1-1024x819.png\" alt=\"\" class=\"wp-image-6158\" srcset=\"https:\/\/www.messdiener-laggenbeck.de\/wp-content\/uploads\/2024\/11\/1-1-1024x819.png 1024w, https:\/\/www.messdiener-laggenbeck.de\/wp-content\/uploads\/2024\/11\/1-1-300x240.png 300w, https:\/\/www.messdiener-laggenbeck.de\/wp-content\/uploads\/2024\/11\/1-1-768x614.png 768w, https:\/\/www.messdiener-laggenbeck.de\/wp-content\/uploads\/2024\/11\/1-1.png 1350w\" sizes=\"auto, (max-width: 767px) 89vw, (max-width: 1000px) 54vw, (max-width: 1071px) 543px, 580px\" \/><\/a><\/figure>\n\n\n\n<figure class=\"wp-block-image size-large\"><a href=\"http:\/\/www.messdiener-laggenbeck.de\/wp-content\/uploads\/2024\/11\/2.png\"><img loading=\"lazy\" decoding=\"async\" width=\"1024\" height=\"819\" data-id=\"6155\" src=\"http:\/\/www.messdiener-laggenbeck.de\/wp-content\/uploads\/2024\/11\/2-1024x819.png\" alt=\"\" class=\"wp-image-6155\" srcset=\"https:\/\/www.messdiener-laggenbeck.de\/wp-content\/uploads\/2024\/11\/2-1024x819.png 1024w, https:\/\/www.messdiener-laggenbeck.de\/wp-content\/uploads\/2024\/11\/2-300x240.png 300w, https:\/\/www.messdiener-laggenbeck.de\/wp-content\/uploads\/2024\/11\/2-768x614.png 768w, https:\/\/www.messdiener-laggenbeck.de\/wp-content\/uploads\/2024\/11\/2.png 1350w\" sizes=\"auto, (max-width: 767px) 89vw, (max-width: 1000px) 54vw, (max-width: 1071px) 543px, 580px\" \/><\/a><\/figure>\n\n\n\n<figure class=\"wp-block-image size-large\"><a href=\"http:\/\/www.messdiener-laggenbeck.de\/wp-content\/uploads\/2024\/11\/3.png\"><img loading=\"lazy\" decoding=\"async\" width=\"1024\" height=\"819\" data-id=\"6157\" src=\"http:\/\/www.messdiener-laggenbeck.de\/wp-content\/uploads\/2024\/11\/3-1024x819.png\" alt=\"\" class=\"wp-image-6157\" srcset=\"https:\/\/www.messdiener-laggenbeck.de\/wp-content\/uploads\/2024\/11\/3-1024x819.png 1024w, https:\/\/www.messdiener-laggenbeck.de\/wp-content\/uploads\/2024\/11\/3-300x240.png 300w, https:\/\/www.messdiener-laggenbeck.de\/wp-content\/uploads\/2024\/11\/3-768x614.png 768w, https:\/\/www.messdiener-laggenbeck.de\/wp-content\/uploads\/2024\/11\/3.png 1350w\" sizes=\"auto, (max-width: 767px) 89vw, (max-width: 1000px) 54vw, (max-width: 1071px) 543px, 580px\" \/><\/a><\/figure>\n\n\n\n<figure class=\"wp-block-image size-large\"><a href=\"http:\/\/www.messdiener-laggenbeck.de\/wp-content\/uploads\/2024\/11\/4.png\"><img loading=\"lazy\" decoding=\"async\" width=\"1024\" height=\"819\" data-id=\"6159\" src=\"http:\/\/www.messdiener-laggenbeck.de\/wp-content\/uploads\/2024\/11\/4-1024x819.png\" alt=\"\" class=\"wp-image-6159\" srcset=\"https:\/\/www.messdiener-laggenbeck.de\/wp-content\/uploads\/2024\/11\/4-1024x819.png 1024w, https:\/\/www.messdiener-laggenbeck.de\/wp-content\/uploads\/2024\/11\/4-300x240.png 300w, https:\/\/www.messdiener-laggenbeck.de\/wp-content\/uploads\/2024\/11\/4-768x614.png 768w, https:\/\/www.messdiener-laggenbeck.de\/wp-content\/uploads\/2024\/11\/4.png 1350w\" sizes=\"auto, (max-width: 767px) 89vw, (max-width: 1000px) 54vw, (max-width: 1071px) 543px, 580px\" \/><\/a><\/figure>\n\n\n\n<figure class=\"wp-block-image size-large\"><a href=\"http:\/\/www.messdiener-laggenbeck.de\/wp-content\/uploads\/2024\/11\/5.png\"><img loading=\"lazy\" decoding=\"async\" width=\"1024\" height=\"819\" data-id=\"6154\" src=\"http:\/\/www.messdiener-laggenbeck.de\/wp-content\/uploads\/2024\/11\/5-1024x819.png\" alt=\"\" class=\"wp-image-6154\" srcset=\"https:\/\/www.messdiener-laggenbeck.de\/wp-content\/uploads\/2024\/11\/5-1024x819.png 1024w, https:\/\/www.messdiener-laggenbeck.de\/wp-content\/uploads\/2024\/11\/5-300x240.png 300w, https:\/\/www.messdiener-laggenbeck.de\/wp-content\/uploads\/2024\/11\/5-768x614.png 768w, https:\/\/www.messdiener-laggenbeck.de\/wp-content\/uploads\/2024\/11\/5.png 1350w\" sizes=\"auto, (max-width: 767px) 89vw, (max-width: 1000px) 54vw, (max-width: 1071px) 543px, 580px\" \/><\/a><\/figure>\n\n\n\n<figure class=\"wp-block-image size-large\"><a href=\"http:\/\/www.messdiener-laggenbeck.de\/wp-content\/uploads\/2024\/11\/6.png\"><img loading=\"lazy\" decoding=\"async\" width=\"1024\" height=\"819\" data-id=\"6156\" src=\"http:\/\/www.messdiener-laggenbeck.de\/wp-content\/uploads\/2024\/11\/6-1024x819.png\" alt=\"\" class=\"wp-image-6156\" srcset=\"https:\/\/www.messdiener-laggenbeck.de\/wp-content\/uploads\/2024\/11\/6-1024x819.png 1024w, https:\/\/www.messdiener-laggenbeck.de\/wp-content\/uploads\/2024\/11\/6-300x240.png 300w, https:\/\/www.messdiener-laggenbeck.de\/wp-content\/uploads\/2024\/11\/6-768x614.png 768w, https:\/\/www.messdiener-laggenbeck.de\/wp-content\/uploads\/2024\/11\/6.png 1350w\" sizes=\"auto, (max-width: 767px) 89vw, (max-width: 1000px) 54vw, (max-width: 1071px) 543px, 580px\" \/><\/a><\/figure>\n\n\n\n<figure class=\"wp-block-image size-large\"><a href=\"http:\/\/www.messdiener-laggenbeck.de\/wp-content\/uploads\/2024\/11\/7.png\"><img loading=\"lazy\" decoding=\"async\" width=\"1024\" height=\"819\" data-id=\"6160\" src=\"http:\/\/www.messdiener-laggenbeck.de\/wp-content\/uploads\/2024\/11\/7-1024x819.png\" alt=\"\" class=\"wp-image-6160\" srcset=\"https:\/\/www.messdiener-laggenbeck.de\/wp-content\/uploads\/2024\/11\/7-1024x819.png 1024w, https:\/\/www.messdiener-laggenbeck.de\/wp-content\/uploads\/2024\/11\/7-300x240.png 300w, https:\/\/www.messdiener-laggenbeck.de\/wp-content\/uploads\/2024\/11\/7-768x614.png 768w, https:\/\/www.messdiener-laggenbeck.de\/wp-content\/uploads\/2024\/11\/7.png 1350w\" sizes=\"auto, (max-width: 767px) 89vw, (max-width: 1000px) 54vw, (max-width: 1071px) 543px, 580px\" \/><\/a><\/figure>\n\n\n\n<figure class=\"wp-block-image size-large\"><a href=\"http:\/\/www.messdiener-laggenbeck.de\/wp-content\/uploads\/2024\/11\/8.png\"><img loading=\"lazy\" decoding=\"async\" width=\"1024\" height=\"819\" data-id=\"6161\" src=\"http:\/\/www.messdiener-laggenbeck.de\/wp-content\/uploads\/2024\/11\/8-1024x819.png\" alt=\"\" class=\"wp-image-6161\" srcset=\"https:\/\/www.messdiener-laggenbeck.de\/wp-content\/uploads\/2024\/11\/8-1024x819.png 1024w, https:\/\/www.messdiener-laggenbeck.de\/wp-content\/uploads\/2024\/11\/8-300x240.png 300w, https:\/\/www.messdiener-laggenbeck.de\/wp-content\/uploads\/2024\/11\/8-768x614.png 768w, https:\/\/www.messdiener-laggenbeck.de\/wp-content\/uploads\/2024\/11\/8.png 1350w\" sizes=\"auto, (max-width: 767px) 89vw, (max-width: 1000px) 54vw, (max-width: 1071px) 543px, 580px\" \/><\/a><\/figure>\n<\/figure>\n","protected":false},"excerpt":{"rendered":"<p>fahrschule St\u00f6cker Ein gro\u00dfes Dankesch\u00f6n geht in diesem Jahr wieder an die Fahrschule St\u00f6cker f\u00fcr die gro\u00dfz\u00fcgige Unterst\u00fctzung! Dank eines neuen Containers haben wir weiterhin die M\u00f6glichkeit alle wichtigen Materialien f\u00fcr das MeSoLa sicher zu verwahren und zu transportieren. So k\u00f6nnen wir voller Vorfreude in die kommende Lagersaison starten. Auch f\u00fcr den zuverl\u00e4ssigen Transport und &hellip; <\/p>\n<p class=\"link-more\"><a href=\"https:\/\/www.messdiener-laggenbeck.de\/?page_id=6135\" class=\"more-link\"><span class=\"screen-reader-text\">\u201eDanke\u201c<\/span> weiterlesen<\/a><\/p>\n","protected":false},"author":2,"featured_media":0,"parent":0,"menu_order":0,"comment_status":"closed","ping_status":"closed","template":"","meta":{"ngg_post_thumbnail":0,"footnotes":""},"class_list":["post-6135","page","type-page","status-publish","hentry"],"_links":{"self":[{"href":"https:\/\/www.messdiener-laggenbeck.de\/index.php?rest_route=\/wp\/v2\/pages\/6135","targetHints":{"allow":["GET"]}}],"collection":[{"href":"https:\/\/www.messdiener-laggenbeck.de\/index.php?rest_route=\/wp\/v2\/pages"}],"about":[{"href":"https:\/\/www.messdiener-laggenbeck.de\/index.php?rest_route=\/wp\/v2\/types\/page"}],"author":[{"embeddable":true,"href":"https:\/\/www.messdiener-laggenbeck.de\/index.php?rest_route=\/wp\/v2\/users\/2"}],"replies":[{"embeddable":true,"href":"https:\/\/www.messdiener-laggenbeck.de\/index.php?rest_route=%2Fwp%2Fv2%2Fcomments&post=6135"}],"version-history":[{"count":6,"href":"https:\/\/www.messdiener-laggenbeck.de\/index.php?rest_route=\/wp\/v2\/pages\/6135\/revisions"}],"predecessor-version":[{"id":6170,"href":"https:\/\/www.messdiener-laggenbeck.de\/index.php?rest_route=\/wp\/v2\/pages\/6135\/revisions\/6170"}],"wp:attachment":[{"href":"https:\/\/www.messdiener-laggenbeck.de\/index.php?rest_route=%2Fwp%2Fv2%2Fmedia&parent=6135"}],"curies":[{"name":"wp","href":"https:\/\/api.w.org\/{rel}","templated":true}]}}