{"id":6411,"date":"2025-10-03T12:08:09","date_gmt":"2025-10-03T10:08:09","guid":{"rendered":"http:\/\/www.messdiener-laggenbeck.de\/?page_id=6411"},"modified":"2026-02-21T13:05:17","modified_gmt":"2026-02-21T11:05:17","slug":"mesola-2026","status":"publish","type":"page","link":"https:\/\/www.messdiener-laggenbeck.de\/?page_id=6411","title":{"rendered":"MeSoLa 2026"},"content":{"rendered":"\n<figure class=\"wp-block-image size-large\"><a href=\"https:\/\/www.messdiener-laggenbeck.de\/wp-content\/uploads\/2026\/02\/PHOTO-2026-02-21-12-00-26.jpg\"><img loading=\"lazy\" decoding=\"async\" width=\"724\" height=\"1024\" src=\"https:\/\/www.messdiener-laggenbeck.de\/wp-content\/uploads\/2026\/02\/PHOTO-2026-02-21-12-00-26-724x1024.jpg\" alt=\"\" class=\"wp-image-7289\" srcset=\"https:\/\/www.messdiener-laggenbeck.de\/wp-content\/uploads\/2026\/02\/PHOTO-2026-02-21-12-00-26-724x1024.jpg 724w, https:\/\/www.messdiener-laggenbeck.de\/wp-content\/uploads\/2026\/02\/PHOTO-2026-02-21-12-00-26-212x300.jpg 212w, https:\/\/www.messdiener-laggenbeck.de\/wp-content\/uploads\/2026\/02\/PHOTO-2026-02-21-12-00-26-768x1086.jpg 768w, https:\/\/www.messdiener-laggenbeck.de\/wp-content\/uploads\/2026\/02\/PHOTO-2026-02-21-12-00-26-1086x1536.jpg 1086w, https:\/\/www.messdiener-laggenbeck.de\/wp-content\/uploads\/2026\/02\/PHOTO-2026-02-21-12-00-26.jpg 1131w\" sizes=\"auto, (max-width: 724px) 100vw, 724px\" \/><\/a><\/figure>\n\n\n\n<hr class=\"wp-block-separator has-alpha-channel-opacity\"\/>\n\n\n\n<figure class=\"wp-block-image size-large\"><a href=\"https:\/\/www.messdiener-laggenbeck.de\/wp-content\/uploads\/2026\/02\/PHOTO-2026-02-21-12-00-26-2.jpg\"><img loading=\"lazy\" decoding=\"async\" width=\"724\" height=\"1024\" src=\"https:\/\/www.messdiener-laggenbeck.de\/wp-content\/uploads\/2026\/02\/PHOTO-2026-02-21-12-00-26-2-724x1024.jpg\" alt=\"\" class=\"wp-image-7290\" srcset=\"https:\/\/www.messdiener-laggenbeck.de\/wp-content\/uploads\/2026\/02\/PHOTO-2026-02-21-12-00-26-2-724x1024.jpg 724w, https:\/\/www.messdiener-laggenbeck.de\/wp-content\/uploads\/2026\/02\/PHOTO-2026-02-21-12-00-26-2-212x300.jpg 212w, https:\/\/www.messdiener-laggenbeck.de\/wp-content\/uploads\/2026\/02\/PHOTO-2026-02-21-12-00-26-2-768x1086.jpg 768w, https:\/\/www.messdiener-laggenbeck.de\/wp-content\/uploads\/2026\/02\/PHOTO-2026-02-21-12-00-26-2-1086x1536.jpg 1086w, https:\/\/www.messdiener-laggenbeck.de\/wp-content\/uploads\/2026\/02\/PHOTO-2026-02-21-12-00-26-2.jpg 1131w\" sizes=\"auto, (max-width: 724px) 100vw, 724px\" \/><\/a><\/figure>\n\n\n\n<hr class=\"wp-block-separator has-alpha-channel-opacity\"\/>\n\n\n\n<figure class=\"wp-block-image size-large\"><a href=\"http:\/\/www.messdiener-laggenbeck.de\/wp-content\/uploads\/2025\/10\/590c33b9-e2f0-4048-8f4b-94fa6a48bbe5.jpeg\"><img loading=\"lazy\" decoding=\"async\" width=\"723\" height=\"1024\" src=\"http:\/\/www.messdiener-laggenbeck.de\/wp-content\/uploads\/2025\/10\/590c33b9-e2f0-4048-8f4b-94fa6a48bbe5-723x1024.jpeg\" alt=\"\" class=\"wp-image-6473\" srcset=\"https:\/\/www.messdiener-laggenbeck.de\/wp-content\/uploads\/2025\/10\/590c33b9-e2f0-4048-8f4b-94fa6a48bbe5-723x1024.jpeg 723w, https:\/\/www.messdiener-laggenbeck.de\/wp-content\/uploads\/2025\/10\/590c33b9-e2f0-4048-8f4b-94fa6a48bbe5-212x300.jpeg 212w, https:\/\/www.messdiener-laggenbeck.de\/wp-content\/uploads\/2025\/10\/590c33b9-e2f0-4048-8f4b-94fa6a48bbe5-768x1087.jpeg 768w, https:\/\/www.messdiener-laggenbeck.de\/wp-content\/uploads\/2025\/10\/590c33b9-e2f0-4048-8f4b-94fa6a48bbe5-1085x1536.jpeg 1085w, https:\/\/www.messdiener-laggenbeck.de\/wp-content\/uploads\/2025\/10\/590c33b9-e2f0-4048-8f4b-94fa6a48bbe5.jpeg 1130w\" sizes=\"auto, (max-width: 723px) 100vw, 723px\" \/><\/a><\/figure>\n\n\n\n<h5 class=\"wp-block-heading\">ZeLtplatz<\/h5>\n\n\n\n<p>L\u00fcnne &#8211; <a href=\"http:\/\/www.messdiener-laggenbeck.de\/?page_id=2530\" data-type=\"page\" data-id=\"2530\">Hier gibt&#8217;s weitere Infos<\/a><\/p>\n\n\n\n<h5 class=\"wp-block-heading\">Kosten &#8211; Teilnehmerbeitrag<\/h5>\n\n\n\n<figure class=\"wp-block-image size-large\"><a href=\"http:\/\/www.messdiener-laggenbeck.de\/wp-content\/uploads\/2025\/10\/Bildschirmfoto-2025-10-02-um-12.55.15.png\"><img loading=\"lazy\" decoding=\"async\" width=\"1024\" height=\"339\" src=\"http:\/\/www.messdiener-laggenbeck.de\/wp-content\/uploads\/2025\/10\/Bildschirmfoto-2025-10-02-um-12.55.15-1024x339.png\" alt=\"\" class=\"wp-image-6435\" srcset=\"https:\/\/www.messdiener-laggenbeck.de\/wp-content\/uploads\/2025\/10\/Bildschirmfoto-2025-10-02-um-12.55.15-1024x339.png 1024w, https:\/\/www.messdiener-laggenbeck.de\/wp-content\/uploads\/2025\/10\/Bildschirmfoto-2025-10-02-um-12.55.15-300x99.png 300w, https:\/\/www.messdiener-laggenbeck.de\/wp-content\/uploads\/2025\/10\/Bildschirmfoto-2025-10-02-um-12.55.15-768x255.png 768w, https:\/\/www.messdiener-laggenbeck.de\/wp-content\/uploads\/2025\/10\/Bildschirmfoto-2025-10-02-um-12.55.15-1536x509.png 1536w, https:\/\/www.messdiener-laggenbeck.de\/wp-content\/uploads\/2025\/10\/Bildschirmfoto-2025-10-02-um-12.55.15-2048x679.png 2048w\" sizes=\"auto, (max-width: 767px) 89vw, (max-width: 1000px) 54vw, (max-width: 1071px) 543px, 580px\" \/><\/a><\/figure>\n\n\n\n<p>Pro Geschwisterkind wird dieser Beitrag um 10,00\u20ac reduziert. Zahlungen \u00fcber F\u00f6rderprogramme wie z.B. die M\u00fcnsterlandkarte sind auch m\u00f6glich. Sollten Probleme bei der Finanzierung auftreten, k\u00f6nnen sie sich jederzeit an uns wenden.<\/p>\n\n\n\n<hr class=\"wp-block-separator has-alpha-channel-opacity\"\/>\n\n\n\n<h5 class=\"wp-block-heading\">Infos zum MeSoLa<\/h5>\n\n\n\n<p>Das MeSoLa wird von rund 30 (Messdiener-) Leiter*innen geplant und organisiert. Es sind alle Kinder, unabh\u00e4ngig vom Wohnort, herzlich willkommen! Dabei ist nicht von Bedeutung, ob Ihr Kind Messdiener*in ist oder nicht. Ebenso spielt es keine Rolle welcher Religion (bzw. ob Ihr Kind einer Religion) zugeh\u00f6rt. Die An- und Abreise erfolgt im n\u00e4chsten Jahr wieder mit dem Fahrrad. Die Teilnehmeranzahl ist aufgrund von technischen und organisatorischen M\u00f6glichkeiten auf eine bestimmte Teilnehmeranzahl begrenzt.   <\/p>\n\n\n\n<h5 class=\"wp-block-heading\">Noch fragen?<\/h5>\n\n\n\n<p>Falls noch Fragen zum MeSoLa offen sind, k\u00f6nnen Sie diese gerne an einer unserer Informationsveranstaltungen stellen oder Sie uns eine Mail an <a href=\"mailto:lager.messdiener-laggenbeck@gmx.de\">lager.messdiener-laggenbeck@gmx.de<\/a>. Die Termine zu diesen Veranstaltungen werden wir Ihnen rechtzeitig bekannt geben. Dar\u00fcber hinaus besteht auch die M\u00f6glichkeit sich online zu informieren. Neuste Informationen und Lagerberichte \u00fcber das MeSoLa k\u00f6nnen immer hier auf unserer Homepage (www.messdiener-laggenbeck.de) und auf unserem Instagram Account (@messdienerlaggenbeck). <\/p>\n\n\n\n<h5 class=\"wp-block-heading\">Wie kann ich mich anmelden?<\/h5>\n\n\n\n<p><a href=\"https:\/\/www.messdiener-laggenbeck.de\/?page_id=5228\" data-type=\"page\" data-id=\"5228\">Hier geht&#8217;s zur Anmeldung <\/a><\/p>\n\n\n\n<h5 class=\"wp-block-heading\">Informationsblatt <\/h5>\n\n\n\n<div data-wp-interactive=\"core\/file\" class=\"wp-block-file aligncenter\"><object data-wp-bind--hidden=\"!state.hasPdfPreview\" hidden class=\"wp-block-file__embed\" data=\"https:\/\/www.messdiener-laggenbeck.de\/wp-content\/uploads\/2025\/10\/Informationen-fuer-Kinder.pdf\" type=\"application\/pdf\" style=\"width:100%;height:600px\" aria-label=\"Einbettung von Informationsblatt zum MeSoLa 2026.\"><\/object><a id=\"wp-block-file--media-20e76180-8a92-4365-9958-ea2d2cb8c0e0\" href=\"https:\/\/www.messdiener-laggenbeck.de\/wp-content\/uploads\/2025\/10\/Informationen-fuer-Kinder.pdf\">Informationsblatt zum MeSoLa 2026<\/a><a href=\"https:\/\/www.messdiener-laggenbeck.de\/wp-content\/uploads\/2025\/10\/Informationen-fuer-Kinder.pdf\" class=\"wp-block-file__button wp-element-button\" download aria-describedby=\"wp-block-file--media-20e76180-8a92-4365-9958-ea2d2cb8c0e0\">Herunterladen<\/a><\/div>\n","protected":false},"excerpt":{"rendered":"<p>ZeLtplatz L\u00fcnne &#8211; Hier gibt&#8217;s weitere Infos Kosten &#8211; Teilnehmerbeitrag Pro Geschwisterkind wird dieser Beitrag um 10,00\u20ac reduziert. Zahlungen \u00fcber F\u00f6rderprogramme wie z.B. die M\u00fcnsterlandkarte sind auch m\u00f6glich. Sollten Probleme bei der Finanzierung auftreten, k\u00f6nnen sie sich jederzeit an uns wenden. Infos zum MeSoLa Das MeSoLa wird von rund 30 (Messdiener-) Leiter*innen geplant und organisiert. &hellip; <\/p>\n<p class=\"link-more\"><a href=\"https:\/\/www.messdiener-laggenbeck.de\/?page_id=6411\" class=\"more-link\"><span class=\"screen-reader-text\">\u201eMeSoLa 2026\u201c<\/span> weiterlesen<\/a><\/p>\n","protected":false},"author":2,"featured_media":0,"parent":0,"menu_order":0,"comment_status":"closed","ping_status":"closed","template":"","meta":{"ngg_post_thumbnail":0,"footnotes":""},"class_list":["post-6411","page","type-page","status-publish","hentry"],"_links":{"self":[{"href":"https:\/\/www.messdiener-laggenbeck.de\/index.php?rest_route=\/wp\/v2\/pages\/6411","targetHints":{"allow":["GET"]}}],"collection":[{"href":"https:\/\/www.messdiener-laggenbeck.de\/index.php?rest_route=\/wp\/v2\/pages"}],"about":[{"href":"https:\/\/www.messdiener-laggenbeck.de\/index.php?rest_route=\/wp\/v2\/types\/page"}],"author":[{"embeddable":true,"href":"https:\/\/www.messdiener-laggenbeck.de\/index.php?rest_route=\/wp\/v2\/users\/2"}],"replies":[{"embeddable":true,"href":"https:\/\/www.messdiener-laggenbeck.de\/index.php?rest_route=%2Fwp%2Fv2%2Fcomments&post=6411"}],"version-history":[{"count":10,"href":"https:\/\/www.messdiener-laggenbeck.de\/index.php?rest_route=\/wp\/v2\/pages\/6411\/revisions"}],"predecessor-version":[{"id":7292,"href":"https:\/\/www.messdiener-laggenbeck.de\/index.php?rest_route=\/wp\/v2\/pages\/6411\/revisions\/7292"}],"wp:attachment":[{"href":"https:\/\/www.messdiener-laggenbeck.de\/index.php?rest_route=%2Fwp%2Fv2%2Fmedia&parent=6411"}],"curies":[{"name":"wp","href":"https:\/\/api.w.org\/{rel}","templated":true}]}}