{"id":6472,"date":"2025-10-22T21:02:48","date_gmt":"2025-10-22T19:02:48","guid":{"rendered":"https:\/\/www.messdiener-laggenbeck.de\/?page_id=6472"},"modified":"2025-10-22T21:06:52","modified_gmt":"2025-10-22T19:06:52","slug":"motto-5","status":"publish","type":"page","link":"https:\/\/www.messdiener-laggenbeck.de\/?page_id=6472","title":{"rendered":"Motto"},"content":{"rendered":"\n<p>Wir freuen uns euch endlich das diesj\u00e4hrige Motto zu ver\u00f6ffentlichen zu d\u00fcrfen! \ud83e\udd41<\/p>\n\n\n\n<figure class=\"wp-block-gallery has-nested-images columns-default is-cropped wp-block-gallery-1 is-layout-flex wp-block-gallery-is-layout-flex\">\n<figure class=\"wp-block-image size-large\"><a href=\"https:\/\/www.messdiener-laggenbeck.de\/wp-content\/uploads\/2025\/10\/590c33b9-e2f0-4048-8f4b-94fa6a48bbe5.jpeg\"><img loading=\"lazy\" decoding=\"async\" width=\"723\" height=\"1024\" data-id=\"6473\" src=\"https:\/\/www.messdiener-laggenbeck.de\/wp-content\/uploads\/2025\/10\/590c33b9-e2f0-4048-8f4b-94fa6a48bbe5-723x1024.jpeg\" alt=\"\" class=\"wp-image-6473\" srcset=\"https:\/\/www.messdiener-laggenbeck.de\/wp-content\/uploads\/2025\/10\/590c33b9-e2f0-4048-8f4b-94fa6a48bbe5-723x1024.jpeg 723w, https:\/\/www.messdiener-laggenbeck.de\/wp-content\/uploads\/2025\/10\/590c33b9-e2f0-4048-8f4b-94fa6a48bbe5-212x300.jpeg 212w, https:\/\/www.messdiener-laggenbeck.de\/wp-content\/uploads\/2025\/10\/590c33b9-e2f0-4048-8f4b-94fa6a48bbe5-768x1087.jpeg 768w, https:\/\/www.messdiener-laggenbeck.de\/wp-content\/uploads\/2025\/10\/590c33b9-e2f0-4048-8f4b-94fa6a48bbe5-1085x1536.jpeg 1085w, https:\/\/www.messdiener-laggenbeck.de\/wp-content\/uploads\/2025\/10\/590c33b9-e2f0-4048-8f4b-94fa6a48bbe5.jpeg 1130w\" sizes=\"auto, (max-width: 723px) 100vw, 723px\" \/><\/a><\/figure>\n<\/figure>\n\n\n\n<h1 class=\"wp-block-heading has-text-align-center\"><strong>\u201cMit dem MeSoLa durch die Galaxie\u201c<\/strong><\/h1>\n","protected":false},"excerpt":{"rendered":"<p>Wir freuen uns euch endlich das diesj\u00e4hrige Motto zu ver\u00f6ffentlichen zu d\u00fcrfen! \ud83e\udd41 \u201cMit dem MeSoLa durch die Galaxie\u201c<\/p>\n","protected":false},"author":2,"featured_media":0,"parent":0,"menu_order":0,"comment_status":"closed","ping_status":"closed","template":"","meta":{"ngg_post_thumbnail":0,"footnotes":""},"class_list":["post-6472","page","type-page","status-publish","hentry"],"_links":{"self":[{"href":"https:\/\/www.messdiener-laggenbeck.de\/index.php?rest_route=\/wp\/v2\/pages\/6472","targetHints":{"allow":["GET"]}}],"collection":[{"href":"https:\/\/www.messdiener-laggenbeck.de\/index.php?rest_route=\/wp\/v2\/pages"}],"about":[{"href":"https:\/\/www.messdiener-laggenbeck.de\/index.php?rest_route=\/wp\/v2\/types\/page"}],"author":[{"embeddable":true,"href":"https:\/\/www.messdiener-laggenbeck.de\/index.php?rest_route=\/wp\/v2\/users\/2"}],"replies":[{"embeddable":true,"href":"https:\/\/www.messdiener-laggenbeck.de\/index.php?rest_route=%2Fwp%2Fv2%2Fcomments&post=6472"}],"version-history":[{"count":3,"href":"https:\/\/www.messdiener-laggenbeck.de\/index.php?rest_route=\/wp\/v2\/pages\/6472\/revisions"}],"predecessor-version":[{"id":6478,"href":"https:\/\/www.messdiener-laggenbeck.de\/index.php?rest_route=\/wp\/v2\/pages\/6472\/revisions\/6478"}],"wp:attachment":[{"href":"https:\/\/www.messdiener-laggenbeck.de\/index.php?rest_route=%2Fwp%2Fv2%2Fmedia&parent=6472"}],"curies":[{"name":"wp","href":"https:\/\/api.w.org\/{rel}","templated":true}]}}