{"id":834,"date":"2016-06-20T15:14:07","date_gmt":"2016-06-20T13:14:07","guid":{"rendered":"http:\/\/www.messdiener-laggenbeck.de\/?page_id=834"},"modified":"2025-10-03T12:39:41","modified_gmt":"2025-10-03T10:39:41","slug":"noch-fragen","status":"publish","type":"page","link":"https:\/\/www.messdiener-laggenbeck.de\/?page_id=834","title":{"rendered":"Noch Fragen?"},"content":{"rendered":"<h4 style=\"text-align: left;\"><span style=\"color: #993300;\"><em><strong>Wie l\u00e4uft das ab mit der Fahrradfahrt? &nbsp;<\/strong><\/em><\/span>&nbsp;<\/h4>\n<h5>Seit 2022:<\/h5>\n<p>In der Vergangenheit gab es seit mehreren Jahren immer wieder die Diskussion \u00fcber die Fahrradfahrt. F\u00fcr uns &nbsp;Leiter*innen war klar, dass wir weiterhin mit dem Fahrrad fahren wollen. Dennoch waren sowohl Kinder als auch Leiter*innen unzufrieden mit der Sicherheit und dem Tempo. Deshalb haben wir etwas Neues erarbeitet:<\/p>\n<p><strong>Wir fahren in Kleingruppen mit dem Fahrrad zum Zeltplatz.<\/strong><\/p>\n<p>Wir starten wie in den letzten Jahren auch am Pfarrheim und werden von dort gestaffelt losfahren. Dabei werden die j\u00fcngsten Kinder zuerst und die \u00e4lteren Kinder am Ende losfahren. Die Kleingruppen bestehen aus weiteren Lagerkindern (aus einem Jahrgang) und jeweils zwei Leiter*innen. F\u00fcr die Kindergruppen, welche sp\u00e4ter losfahren wird ein abwechslungsreiches Programm am Pfarrheim geboten.<\/p>\n<p>Der Vorteil der Fahrrad-Kleingruppen besteht darin, dass sie sowohl das Tempo, als auch die Anzahl und Dauer der Pausen selbst bestimmen k\u00f6nnen. Au\u00dferdem kann in einer kleineren Gruppe viel besser auf die Kinder eingegangen werden und auch die Fahrradfahrt ist mit einer geringeren Personenanzahl deutlich sichrer.&nbsp;<br \/>\nSelbstverst\u00e4ndlich sind auch eine <strong>Fr\u00fchst\u00fccks- und\/oder eine gr\u00f6\u00dfere Mittagspause<\/strong> eingeplant, wo es auch Toilettenm\u00f6glichkeiten gibt.<\/p>\n<p>Sowohl f\u00fcr die Kinder als auch f\u00fcr die Leiter*innen besteht eine <strong>Fahrradhelmpflicht. <\/strong>Au\u00dferdem m\u00fcssen sich alle Fahrr\u00e4der in einem <strong>verkehrssicheren Zustand<\/strong> befinden. E-Bikes sind nicht gestattet.<\/p>\n<p>&nbsp;<\/p>\n<h4><span style=\"color: #993300;\"><em><strong>Luftmatratze oder Feldbett?<\/strong><\/em><\/span><\/h4>\n<p>Beides ist m\u00f6glich, aber wir empfehlen <strong>Luftmatratzen<\/strong> oder dicke selbstaufblasbare Isomatten, da die Zelte an den r\u00e4ndern schr\u00e4g auf den Boden kommen und ein Feldbett bei mehr als 5 Kindern im Zelt somit nicht so gut hineinpasst. &nbsp;Ganz wichtig: Luftmatratzen sollten vor dem Lager&nbsp;dem Kind zu Liebe auf L\u00f6cher getestet werden! Wir haben aber auch&nbsp; zwei Leiter*innen (Springer), die kaputte Luftmatratzen reparieren und auch Ersatzluftmatratzen dabei. &nbsp;Au\u00dferdem ist eine Matte zur Isolierung gegen Bodenk\u00e4lte nie verkehrt.&nbsp;<\/p>\n<p>&nbsp;<\/p>\n<p><em style=\"color: #993300; font-family: Bitter, Georgia, serif; font-size: 20px; font-weight: 600;\"><strong>Wie sieht der Tagesablauf aus?<\/strong><\/em><\/p>\n<p>Den genauen Tagesablauf verraten wir nat\u00fcrlich noch nicht. Aber in der Anmeldung&nbsp;k\u00f6nnt ihr nachlesen, was jedes Jahr in den Einheiten gemacht wird.<\/p>\n<ul>\n<li>08:00 Aufstehen<\/li>\n<li>08:30 Morgenimpuls+Fr\u00fchst\u00fcck<\/li>\n<li>10:00 erste Einheit<\/li>\n<li>12:30 Mittagessen+Siesta<\/li>\n<li>14:30 zweite Einheit<\/li>\n<li>18:30 Abendessen<\/li>\n<li>20:00 dritte Einheit<\/li>\n<li>22:00 Nachtruhe+ Nachtwache&nbsp;<\/li>\n<\/ul>\n<p>Die Zeiten sind nat\u00fcrlich nur ungef\u00e4hr und richten sich nach den jeweiligen Einheiten und Spielen etc.&nbsp;<\/p>\n<p>&nbsp;<\/p>\n<h4><span style=\"color: #993300;\"><em><strong>Ist jede Nacht Wimpelwache?&nbsp;<\/strong><\/em><\/span><\/h4>\n<p>Unser Wimpel ist begehrt, weshalb er jede Nacht bewacht werden muss. Jedes Kind darf zweimal selbst bei der Wimpelwache mit dabei sein. Es gibt verschiedene Schichten, in die sich die Kinder zu Anfang in Kleingruppen eintragen k\u00f6nnen. Bei jeder Schicht sind mindestens zwei Leiter*innen mit dabei. Dabei gibt es nat\u00fcrlich auch warmen Tee f\u00fcr die Kinder, ein sch\u00fctzendes Pavillion \u00fcber dem Kopf und eine w\u00e4rmende Feuerschale im R\u00fccken. &nbsp;Es wird auf jeden Fall darauf geachtet, dass die Kinder gen\u00fcgend Schlaf bekommen. Wer den Wimpel nicht bewachen m\u00f6chte, braucht dies auch nicht tun. Es ist aber f\u00fcr jedes Kind ein besonderes Highlight, den Wimpel einmal bewachen zu d\u00fcrfen, denn vielleicht schleicht sich in der Nacht ja ein Dieb an.<\/p>\n<p>&nbsp;<\/p>\n<h4><em style=\"color: #993300;\"><strong>Was macht ihr bei Regen? Sind die Zelte \u00fcberhaupt dicht?<\/strong><\/em><\/h4>\n<p>Im Lager gibt es kein schlechtes Wetter! Und undichte Zelte gibt es auch nicht. Die Kinder schlafen in gro\u00dfen, modernen 8er Zelten, die jedem Wetter standhalten k\u00f6nnen. Es ist aber nat\u00fcrlich immer wichtig, die <strong>Zelteing\u00e4nge nachts zu schlie\u00dfen<\/strong>. Falls es also dann mal regnen sollte, werden wir nicht nass. Wir haben ein gro\u00dfes Gemeinschaftszelt, in dem wir auch bei Regen Spiele spielen und uns austoben, anstatt Tr\u00fcbsal blasen k\u00f6nnen. Falls doch mal Klamotten nass werden,&nbsp;k\u00fcmmern sich unsere Springer darum, dass diese in einem Trockenzelt wieder trocken werden.<\/p>\n<p>&nbsp;<\/p>\n<h4><span style=\"color: #993300;\"><strong><em>Was gibt es zu essen?<\/em><\/strong><\/span><\/h4>\n<p>Wir haben ein super Kochteam, was aus den \u00e4lteren Leiter*innen, die schon mehrmals im Lager mit waren, besteht. Es gibt drei Mahlzeiten am Tag und eine zus\u00e4tzliche kleine Kuchen- und Obstpause. Morgens und Abends gibt es Brot mit (vegetarischem) Aufschnitt und Aufstrich, Milch, Kakao, Tee, (Mineral-)Wasser und Lager\u00fclle. Jeden Mittag gibt es vom Koch-Team ein warmes Gericht. Dabei wird sowohl darauf geachtet, dass es frisch und gesund ist, als auch, dass es jedem Kind schmeckt und alle satt werden. Die Erfahrung zeigt, dass es allen Kindern im MeSoLa besonders gut schmeckt. Gegessen wird gemeinsam in unserem gro\u00dfen Gemeinschaftszelt oder unter freiem Himmel im Sonnenschein. Der Sp\u00fcldienst findet mittlerweile nicht mehr statt, da wir nun aus hygienischen Gr\u00fcnden ein Sp\u00fclmobil mieten. In unserer Siesta gibt es auch einen kleinen <strong>Kiosk<\/strong>, den ber\u00fchmten Candyshop, in dem S\u00fc\u00dfigkeiten und Softgetr\u00e4nke gekauft werden k\u00f6nnen.<\/p>\n<p><strong><em>Den ganzen Tag \u00fcber k\u00f6nnen alle Kinder frei zug\u00e4nglich Lagerg\u00fclle und (Mineral-)Wasser trinken.<\/em><\/strong><\/p>\n<p>&nbsp;<\/p>\n<h4><span style=\"color: #993300;\"><em><strong>Handys sind verboten. Wie kann ich dann wissen, dass es meinem Kind gut geht?<\/strong><\/em><\/span><\/h4>\n<p>Handys und andere elektronischen Ger\u00e4te sind im MeSoLa <strong>verboten<\/strong>! Fotos und Filme werden von den Leiter*innen mit einer Kamera gemacht, die alle Kinder beim Nachtreffen digital bekommen. Wenn wir bei den Kindern Handys oder \u00e4hnliches finden, werden diese eingesammelt. Wir sind der Auffassung, dass ein Kind 10 Tage auch ohne sein\/ ihr Smartphone und Tablet auszukommen kann. Und wenn Sie in diesen Tagen nichts von ihrem Kind h\u00f6ren, dann k\u00f6nnen Sie sich sicher sein, dass es&nbsp; ihm\/ ihr gut geht.<\/p>\n<p><em>Wenn doch einmal etwas sein sollte und ein Kind gerne mit seinen Eltern sprechen m\u00f6chte, stellen wir Leiter*innen selbstverst\u00e4ndlich gerne ein Handy zur Verf\u00fcgung.<br \/>\n<\/em><\/p>\n<p>&nbsp;<\/p>\n<h4><span style=\"color: #993300;\"><em><strong>Mein Kind braucht Medikamente<\/strong><strong>, die es nur unter Aufsicht einnehmen soll. Wie l\u00e4uft das ab?<\/strong><\/em><\/span><\/h4>\n<p>Wir haben in unserem Lager zwei Leiter*innen, die die Funktion der<strong> Sanint\u00e4ter*innen&nbsp;<\/strong>\u00fcbernehmen. Sie haben extra f\u00fcr das Lager einen gro\u00dfen erste Hilfe-Schein absolviert. Bevor es losgeht ins Lager, sollten die &#8222;Sanis&#8220; \u00fcber die Medikamenteneinnahme informiert werden. Auf dem Zeltplatz&nbsp;haben sie ein eigenes Zelt, in dem eine kleine Krankenstation eingerichtet ist. Dort kann sich um ihre kleinen oder auch gr\u00f6\u00dferen&nbsp;Beschwerden gek\u00fcmmert werden. Zudem besteht die M\u00f6glichkeit sich in diesem Zelt&nbsp;auszuruhen. Au\u00dferdem lagern die &#8222;Sanis&#8220; dort alle Medikamente sorgf\u00e4ltig in einem K\u00fchlschrank und f\u00fchren Protokoll, damit kein Kind seine Medikamenteneinnahme vergessen kann.&nbsp;<\/p>\n<p>&nbsp;<\/p>\n","protected":false},"excerpt":{"rendered":"<p>Wie l\u00e4uft das ab mit der Fahrradfahrt? &nbsp;&nbsp; Seit 2022: In der Vergangenheit gab es seit mehreren Jahren immer wieder die Diskussion \u00fcber die Fahrradfahrt. F\u00fcr uns &nbsp;Leiter*innen war klar, dass wir weiterhin mit dem Fahrrad fahren wollen. Dennoch waren sowohl Kinder als auch Leiter*innen unzufrieden mit der Sicherheit und dem Tempo. Deshalb haben wir &hellip; <\/p>\n<p class=\"link-more\"><a href=\"https:\/\/www.messdiener-laggenbeck.de\/?page_id=834\" class=\"more-link\"><span class=\"screen-reader-text\">\u201eNoch Fragen?\u201c<\/span> weiterlesen<\/a><\/p>\n","protected":false},"author":2,"featured_media":0,"parent":6411,"menu_order":0,"comment_status":"closed","ping_status":"closed","template":"","meta":{"ngg_post_thumbnail":0,"footnotes":""},"class_list":["post-834","page","type-page","status-publish","hentry"],"_links":{"self":[{"href":"https:\/\/www.messdiener-laggenbeck.de\/index.php?rest_route=\/wp\/v2\/pages\/834","targetHints":{"allow":["GET"]}}],"collection":[{"href":"https:\/\/www.messdiener-laggenbeck.de\/index.php?rest_route=\/wp\/v2\/pages"}],"about":[{"href":"https:\/\/www.messdiener-laggenbeck.de\/index.php?rest_route=\/wp\/v2\/types\/page"}],"author":[{"embeddable":true,"href":"https:\/\/www.messdiener-laggenbeck.de\/index.php?rest_route=\/wp\/v2\/users\/2"}],"replies":[{"embeddable":true,"href":"https:\/\/www.messdiener-laggenbeck.de\/index.php?rest_route=%2Fwp%2Fv2%2Fcomments&post=834"}],"version-history":[{"count":20,"href":"https:\/\/www.messdiener-laggenbeck.de\/index.php?rest_route=\/wp\/v2\/pages\/834\/revisions"}],"predecessor-version":[{"id":6430,"href":"https:\/\/www.messdiener-laggenbeck.de\/index.php?rest_route=\/wp\/v2\/pages\/834\/revisions\/6430"}],"up":[{"embeddable":true,"href":"https:\/\/www.messdiener-laggenbeck.de\/index.php?rest_route=\/wp\/v2\/pages\/6411"}],"wp:attachment":[{"href":"https:\/\/www.messdiener-laggenbeck.de\/index.php?rest_route=%2Fwp%2Fv2%2Fmedia&parent=834"}],"curies":[{"name":"wp","href":"https:\/\/api.w.org\/{rel}","templated":true}]}}